{"id":5066,"date":"2025-10-21T08:15:18","date_gmt":"2025-10-21T08:15:18","guid":{"rendered":"https:\/\/lasurrealfilmfestival.com\/?page_id=5066"},"modified":"2025-10-29T22:55:40","modified_gmt":"2025-10-29T22:55:40","slug":"adios-al-amigo","status":"publish","type":"page","link":"http:\/\/lasurrealfilmfestival.com\/en\/adios-al-amigo\/","title":{"rendered":"Adi\u00f3s al Amigo"},"content":{"rendered":"<p>[et_pb_section fb_built=&#8221;1&#8243; _builder_version=&#8221;4.27.4&#8243; _module_preset=&#8221;default&#8221;][et_pb_row column_structure=&#8221;1_2,1_2&#8243; _builder_version=&#8221;4.27.4&#8243; _module_preset=&#8221;default&#8221; global_colors_info=&#8221;{}&#8221;][et_pb_column type=&#8221;1_2&#8243; _builder_version=&#8221;4.27.4&#8243; _module_preset=&#8221;default&#8221; global_colors_info=&#8221;{}&#8221;][et_pb_image src=&#8221;https:\/\/lasurrealfilmfestival.com\/wp-content\/uploads\/2025\/10\/Screenshot-2025-10-21-at-10.25.31.png&#8221; title_text=&#8221;Adios al Amigo_Poster&#8221; _builder_version=&#8221;4.27.4&#8243; _module_preset=&#8221;default&#8221; global_colors_info=&#8221;{}&#8221;][\/et_pb_image][\/et_pb_column][et_pb_column type=&#8221;1_2&#8243; _builder_version=&#8221;4.27.4&#8243; _module_preset=&#8221;default&#8221; global_colors_info=&#8221;{}&#8221;][et_pb_text _builder_version=&#8221;4.27.4&#8243; _module_preset=&#8221;default&#8221; text_font=&#8221;Playfair Display|800|||||||&#8221; text_text_color=&#8221;gcid-c67e4c14-9f9a-4541-bcfb-a3dbe227e267&#8243; hover_enabled=&#8221;0&#8243; global_colors_info=&#8221;{%22gcid-c67e4c14-9f9a-4541-bcfb-a3dbe227e267%22:%91%22text_text_color%22%93}&#8221; sticky_enabled=&#8221;0&#8243;]<\/p>\n<h1><\/h1>\n<p>&nbsp;<\/p>\n<p><strong><\/strong><\/p>\n<p><strong><\/strong><\/p>\n<p><strong><\/strong><\/p>\n<p><strong><\/strong><\/p>\n<p><strong><\/strong><\/p>\n<p><strong><\/strong><\/p>\n<p><strong><\/strong><\/p>\n<p><strong><\/strong><\/p>\n<p><strong><\/strong><\/p>\n<p><strong>Direcci\u00f3n:<\/strong> Iv\u00e1n David Gaona Morales<\/p>\n<p><strong>Pa\u00eds:<\/strong> Colombia<\/p>\n<p><strong>A\u00f1o:<\/strong> 2025<\/p>\n<p><strong>Duraci\u00f3n:<\/strong> 118 min<\/p>\n<p><strong>Idioma:<\/strong> Espa\u00f1ol<\/p>\n<p>[\/et_pb_text][\/et_pb_column][\/et_pb_row][\/et_pb_section][et_pb_section fb_built=&#8221;1&#8243; _builder_version=&#8221;4.27.4&#8243; _module_preset=&#8221;default&#8221;][et_pb_row _builder_version=&#8221;4.27.4&#8243; _module_preset=&#8221;default&#8221; global_colors_info=&#8221;{}&#8221;][et_pb_column type=&#8221;4_4&#8243; _builder_version=&#8221;4.27.4&#8243; _module_preset=&#8221;default&#8221; global_colors_info=&#8221;{}&#8221;][et_pb_text _builder_version=&#8221;4.27.4&#8243; _module_preset=&#8221;default&#8221; text_font=&#8221;&#8211;et_global_body_font|800|||||||&#8221; text_text_color=&#8221;gcid-c67e4c14-9f9a-4541-bcfb-a3dbe227e267&#8243; min_height=&#8221;255px&#8221; global_colors_info=&#8221;{%22gcid-c67e4c14-9f9a-4541-bcfb-a3dbe227e267%22:%91%22text_text_color%22%93}&#8221;]<\/p>\n<p><span>Despu\u00e9s de mil d\u00edas de guerra civil en Colombia en 1902, el soldado revolucionario Alfredo Duarte Amado recibe un telegrama con la noticia del embarazo de la esposa de su hermano. Sabiendo que la guerra ya ha acabado, convence a un fot\u00f3grafo para que se acompa\u00f1en en busca de su hermano, pero el fot\u00f3grafo busca tambi\u00e9n al hombre que mat\u00f3 a su padre.<\/span><\/p>\n<p>[\/et_pb_text][\/et_pb_column][\/et_pb_row][\/et_pb_section][et_pb_section fb_built=&#8221;1&#8243; _builder_version=&#8221;4.27.4&#8243; _module_preset=&#8221;default&#8221;][et_pb_row _builder_version=&#8221;4.27.4&#8243; _module_preset=&#8221;default&#8221; global_colors_info=&#8221;{}&#8221;][et_pb_column type=&#8221;4_4&#8243; _builder_version=&#8221;4.27.4&#8243; _module_preset=&#8221;default&#8221; global_colors_info=&#8221;{}&#8221;][et_pb_gallery gallery_ids=&#8221;5075,5076,5077,5078&#8243; gallery_orderby=&#8221;rand&#8221; show_title_and_caption=&#8221;off&#8221; show_pagination=&#8221;off&#8221; _builder_version=&#8221;4.27.4&#8243; _module_preset=&#8221;default&#8221; global_colors_info=&#8221;{}&#8221;][\/et_pb_gallery][\/et_pb_column][\/et_pb_row][\/et_pb_section][et_pb_section fb_built=&#8221;1&#8243; _builder_version=&#8221;4.27.4&#8243; _module_preset=&#8221;default&#8221; global_colors_info=&#8221;{}&#8221;][et_pb_row _builder_version=&#8221;4.27.4&#8243; _module_preset=&#8221;default&#8221; global_colors_info=&#8221;{}&#8221;][et_pb_column type=&#8221;4_4&#8243; _builder_version=&#8221;4.27.4&#8243; _module_preset=&#8221;default&#8221; global_colors_info=&#8221;{}&#8221;][et_pb_text _builder_version=&#8221;4.27.4&#8243; _module_preset=&#8221;default&#8221; text_font=&#8221;Playfair Display|800|||||||&#8221; text_text_color=&#8221;gcid-c67e4c14-9f9a-4541-bcfb-a3dbe227e267&#8243; global_colors_info=&#8221;{%22gcid-c67e4c14-9f9a-4541-bcfb-a3dbe227e267%22:%91%22text_text_color%22%93}&#8221;]<\/p>\n<p>Ficha T\u00e9cnica<\/p>\n<p>[\/et_pb_text][\/et_pb_column][\/et_pb_row][et_pb_row column_structure=&#8221;1_2,1_2&#8243; _builder_version=&#8221;4.27.4&#8243; _module_preset=&#8221;default&#8221; global_colors_info=&#8221;{}&#8221;][et_pb_column type=&#8221;1_2&#8243; _builder_version=&#8221;4.27.4&#8243; _module_preset=&#8221;default&#8221; global_colors_info=&#8221;{}&#8221;][et_pb_text _builder_version=&#8221;4.27.4&#8243; _module_preset=&#8221;default&#8221; text_font=&#8221;&#8211;et_global_body_font|800|||||||&#8221; text_text_color=&#8221;gcid-c67e4c14-9f9a-4541-bcfb-a3dbe227e267&#8243; global_colors_info=&#8221;{%22gcid-c67e4c14-9f9a-4541-bcfb-a3dbe227e267%22:%91%22text_text_color%22%93}&#8221;]<\/p>\n<p data-start=\"232\" data-end=\"278\"><strong data-start=\"195\" data-end=\"215\">T\u00edtulo original: <\/strong>Adi\u00f3s al Amigo<\/p>\n<p data-start=\"232\" data-end=\"278\"><br data-start=\"240\" data-end=\"243\" \/><strong data-start=\"243\" data-end=\"257\">Direcci\u00f3n:<\/strong> Iv\u00e1n David Gaona Morales<\/p>\n<p data-start=\"232\" data-end=\"278\"><br data-start=\"282\" data-end=\"285\" \/><strong data-start=\"285\" data-end=\"295\" data-is-only-node=\"\">Guion:<\/strong> Iv\u00e1n David Gaona Morales<\/p>\n<p data-start=\"232\" data-end=\"278\"><br data-start=\"320\" data-end=\"323\" \/><strong data-start=\"323\" data-end=\"332\">Pa\u00eds:<\/strong> Colombia<\/p>\n<p data-start=\"232\" data-end=\"278\"><br data-start=\"341\" data-end=\"344\" \/><strong data-start=\"344\" data-end=\"352\">A\u00f1o:<\/strong> 2025<\/p>\n<p data-start=\"232\" data-end=\"278\"><br data-start=\"357\" data-end=\"360\" \/><strong data-start=\"360\" data-end=\"373\">Duraci\u00f3n:<\/strong> 118 min<\/p>\n<p data-start=\"232\" data-end=\"278\"><br data-start=\"381\" data-end=\"384\" \/><strong data-start=\"384\" data-end=\"404\">Idioma original:<\/strong> Espa\u00f1ol<\/p>\n<p data-start=\"232\" data-end=\"278\"><br data-start=\"412\" data-end=\"415\" \/><strong data-start=\"415\" data-end=\"426\">G\u00e9nero:<\/strong> Ficci\u00f3n \/ Western<\/p>\n<p data-start=\"232\" data-end=\"278\"><br data-start=\"444\" data-end=\"447\" \/><strong data-start=\"447\" data-end=\"459\">Formato:<\/strong> Digital 4K \/ DCP \/ Color \/ Dolby 5.1<\/p>\n<p data-start=\"232\" data-end=\"278\"><br data-start=\"496\" data-end=\"499\" \/><strong data-start=\"499\" data-end=\"520\">Fecha de estreno:<\/strong> Agosto 07 de 2025<\/p>\n<p data-start=\"232\" data-end=\"278\"><br data-start=\"538\" data-end=\"541\" \/><strong data-start=\"541\" data-end=\"556\">Producci\u00f3n:<\/strong> 2-35 Digital, HDCinema Colombia, La Contrabanda SAS, Sonata Films<\/p>\n<p data-start=\"232\" data-end=\"278\"><br data-start=\"622\" data-end=\"625\" \/><strong data-start=\"625\" data-end=\"641\">Productores:<\/strong> M\u00f3nica Juanita Hern\u00e1ndez Duquino, Iv\u00e1n David Gaona Morales<\/p>\n<p data-start=\"232\" data-end=\"278\"><br data-start=\"700\" data-end=\"703\" \/><strong data-start=\"703\" data-end=\"724\">Dise\u00f1o de sonido:<\/strong> Daniel \u201cGato\u201d Garc\u00e9s<\/p>\n<p data-start=\"232\" data-end=\"278\"><br data-start=\"745\" data-end=\"748\" \/><strong data-start=\"748\" data-end=\"775\">Asistente de direcci\u00f3n:<\/strong> Marcela Angulo<\/p>\n<p data-start=\"232\" data-end=\"278\"><br data-start=\"790\" data-end=\"793\" \/><strong data-start=\"793\" data-end=\"817\">Productor ejecutivo:<\/strong> Iv\u00e1n David Gaona Morales, M\u00f3nica Juanita Hern\u00e1ndez Duquino<\/p>\n<p data-start=\"232\" data-end=\"278\"><br data-start=\"876\" data-end=\"879\" \/><strong data-start=\"879\" data-end=\"889\">Etapa:<\/strong> Estreno nacional<\/p>\n<p>[\/et_pb_text][\/et_pb_column][et_pb_column type=&#8221;1_2&#8243; _builder_version=&#8221;4.27.4&#8243; _module_preset=&#8221;default&#8221; global_colors_info=&#8221;{}&#8221;][et_pb_video src=&#8221;https:\/\/www.youtube.com\/watch?v=SlJfnL6Zn7A&#8221; _builder_version=&#8221;4.27.4&#8243; _module_preset=&#8221;default&#8221; global_colors_info=&#8221;{}&#8221;][\/et_pb_video][et_pb_text _builder_version=&#8221;4.27.4&#8243; _module_preset=&#8221;default&#8221; text_font=&#8221;&#8211;et_global_body_font|800|||||||&#8221; text_text_color=&#8221;gcid-b7f06a10-4d36-4163-b049-62314b9050fc&#8221; global_colors_info=&#8221;{%22gcid-b7f06a10-4d36-4163-b049-62314b9050fc%22:%91%22text_text_color%22%93}&#8221;]<\/p>\n<p>PROTAGONISTAS<\/p>\n<p>Willington Gordillo Duarte<br \/>Cristian Hern\u00e1ndez Castillo<br \/>Marina Olarte<br \/>Alfonso L\u00f3pez<br \/>Yohanini Su\u00e1rez<\/p>\n<p>[\/et_pb_text][\/et_pb_column][\/et_pb_row][et_pb_row _builder_version=&#8221;4.27.4&#8243; _module_preset=&#8221;default&#8221; global_colors_info=&#8221;{}&#8221;][et_pb_column type=&#8221;4_4&#8243; _builder_version=&#8221;4.27.4&#8243; _module_preset=&#8221;default&#8221; global_colors_info=&#8221;{}&#8221;][et_pb_button button_url=&#8221;https:\/\/lasurrealfilmfestival.com\/posters-oficial-2025\/&#8221; button_text=&#8221;Volver a la Selecci\u00f3n&#8221; _builder_version=&#8221;4.27.4&#8243; _module_preset=&#8221;default&#8221; custom_css_free_form=&#8221;<a href=%22\/posters-oficial-2025\/%22 class=%22volver-boton%22>\u2190 Volver a la selecci\u00f3n<\/a>||||<\/p>\n<style>||.volver-boton {||  display: inline-block;||  background-color: #000;       \/* Color de fondo *\/||  color: #fff;                  \/* Color del texto *\/||  padding: 10px 20px;||  border-radius: 30px;||  text-decoration: none;||  font-weight: 600;||  transition: background-color 0.3s ease;||  margin-top: 20px;             \/* Espacio superior *\/||}||||.volver-boton:hover {||  background-color: #444;       \/* Color al pasar el mouse *\/||}||<\/style>\n<p>&#8221; global_colors_info=&#8221;{}&#8221;][\/et_pb_button][\/et_pb_column][\/et_pb_row][\/et_pb_section][et_pb_section fb_built=&#8221;1&#8243; _builder_version=&#8221;4.27.4&#8243; _module_preset=&#8221;default&#8221; global_colors_info=&#8221;{}&#8221;][et_pb_row column_structure=&#8221;1_3,1_3,1_3&#8243; _builder_version=&#8221;4.27.4&#8243; _module_preset=&#8221;default&#8221; global_colors_info=&#8221;{}&#8221;][et_pb_column type=&#8221;1_3&#8243; _builder_version=&#8221;4.27.4&#8243; _module_preset=&#8221;default&#8221; global_colors_info=&#8221;{}&#8221;][et_pb_code _builder_version=&#8221;4.27.4&#8243; _module_preset=&#8221;default&#8221; custom_margin=&#8221;11px|-4px|-33px|68px|false|false&#8221; custom_padding=&#8221;1px||0px|1px|false|false&#8221; global_colors_info=&#8221;{}&#8221;]<a href=\"mailto:lasurrealfestival@gmail.com\" <!-- [et_pb_line_break_holder] -->   title=&#8221;Escr\u00edbenos&#8221; <!-- [et_pb_line_break_holder] -->   style=&#8221;display:inline-block;<!-- [et_pb_line_break_holder] -->          background:#D93025;<!-- [et_pb_line_break_holder] -->          color:#fff;<!-- [et_pb_line_break_holder] -->          width:36px;<!-- [et_pb_line_break_holder] -->          height:36px;<!-- [et_pb_line_break_holder] -->          text-align:center;<!-- [et_pb_line_break_holder] -->          line-height:36px;<!-- [et_pb_line_break_holder] -->          border-radius:50%;<!-- [et_pb_line_break_holder] -->          font-size:18px;<!-- [et_pb_line_break_holder] -->          text-decoration:none;<!-- [et_pb_line_break_holder] -->          margin-left:8px;&#8221;><!-- [et_pb_line_break_holder] -->  \u2709\ufe0f<!-- [et_pb_line_break_holder] --><\/a>[\/et_pb_code][et_pb_social_media_follow _builder_version=&#8221;4.27.4&#8243; _module_preset=&#8221;default&#8221; global_colors_info=&#8221;{}&#8221;][et_pb_social_media_follow_network social_network=&#8221;facebook&#8221; url=&#8221;https:\/\/www.facebook.com\/lasurrealfilmfestival&#8221; _builder_version=&#8221;4.27.4&#8243; _module_preset=&#8221;default&#8221; background_color=&#8221;#3b5998&#8243; global_colors_info=&#8221;{}&#8221; follow_button=&#8221;off&#8221; url_new_window=&#8221;on&#8221;]facebook[\/et_pb_social_media_follow_network][et_pb_social_media_follow_network social_network=&#8221;instagram&#8221; url=&#8221;https:\/\/www.instagram.com\/lasurrealfilmfestival\/&#8221; _builder_version=&#8221;4.27.4&#8243; _module_preset=&#8221;default&#8221; background_color=&#8221;#ea2c59&#8243; global_colors_info=&#8221;{}&#8221; follow_button=&#8221;off&#8221; url_new_window=&#8221;on&#8221;]instagram[\/et_pb_social_media_follow_network][\/et_pb_social_media_follow][\/et_pb_column][et_pb_column type=&#8221;1_3&#8243; _builder_version=&#8221;4.27.4&#8243; _module_preset=&#8221;default&#8221; global_colors_info=&#8221;{}&#8221;][et_pb_code _builder_version=&#8221;4.27.4&#8243; _module_preset=&#8221;default&#8221; global_colors_info=&#8221;{}&#8221;][\/et_pb_code][\/et_pb_column][et_pb_column type=&#8221;1_3&#8243; _builder_version=&#8221;4.27.4&#8243; _module_preset=&#8221;default&#8221; global_colors_info=&#8221;{}&#8221;][et_pb_image src=&#8221;https:\/\/lasurrealfilmfestival.com\/wp-content\/uploads\/2024\/12\/Curare_raw.png&#8221; title_text=&#8221;Curare_raw&#8221; url=&#8221;http:\/\/kunstrial.org\/curare-podcast\/&#8221; url_new_window=&#8221;on&#8221; _builder_version=&#8221;4.27.4&#8243; _module_preset=&#8221;default&#8221; width=&#8221;68%&#8221; global_colors_info=&#8221;{}&#8221;][\/et_pb_image][et_pb_code _builder_version=&#8221;4.27.4&#8243; _module_preset=&#8221;default&#8221; width=&#8221;75%&#8221; global_colors_info=&#8221;{}&#8221;]<\/p>\n<style><!-- [et_pb_line_break_holder] -->  .curare-neon {<!-- [et_pb_line_break_holder] -->    display:flex; flex-direction:column; align-items:center; gap:.25rem;<!-- [et_pb_line_break_holder] -->    text-align:center; line-height:1; user-select:none;<!-- [et_pb_line_break_holder] -->  }<!-- [et_pb_line_break_holder] --><!-- [et_pb_line_break_holder] -->  :root{<!-- [et_pb_line_break_holder] -->    --curare-orange:#FF7A45;<!-- [et_pb_line_break_holder] -->    --curare-coral:#FF5E57;<!-- [et_pb_line_break_holder] -->    --curare-cream:#F5E6CF;<!-- [et_pb_line_break_holder] -->    --curare-teal:#2FBDB6;<!-- [et_pb_line_break_holder] -->    --glow: rgba(255,122,69,.45);<!-- [et_pb_line_break_holder] -->    --glow-teal: rgba(47,189,182,.35);<!-- [et_pb_line_break_holder] -->  }<!-- [et_pb_line_break_holder] --><!-- [et_pb_line_break_holder] -->  .curare-neon .title {<!-- [et_pb_line_break_holder] -->    font-family: \"Poppins\", system-ui, -apple-system, Segoe UI, Roboto, sans-serif;<!-- [et_pb_line_break_holder] -->    font-weight: 700;<!-- [et_pb_line_break_holder] -->    letter-spacing: .14em;<!-- [et_pb_line_break_holder] -->    text-transform: uppercase;<!-- [et_pb_line_break_holder] -->    font-size: clamp(20px, 3.5vw, 34px);<!-- [et_pb_line_break_holder] -->    background: linear-gradient(90deg, var(--curare-orange), var(--curare-cream), var(--curare-teal), var(--curare-orange));<!-- [et_pb_line_break_holder] -->    -webkit-background-clip: text;<!-- [et_pb_line_break_holder] -->    background-clip: text;<!-- [et_pb_line_break_holder] -->    color: transparent;<!-- [et_pb_line_break_holder] -->    text-shadow:<!-- [et_pb_line_break_holder] -->      0 0 4px var(--glow),<!-- [et_pb_line_break_holder] -->      0 0 10px var(--glow-teal);<!-- [et_pb_line_break_holder] -->    filter: drop-shadow(0 0 4px rgba(255,255,255,.08));<!-- [et_pb_line_break_holder] -->    animation: curare-glow 3s ease-in-out infinite alternate;<!-- [et_pb_line_break_holder] -->  }<!-- [et_pb_line_break_holder] --><!-- [et_pb_line_break_holder] -->  .curare-neon .tag {<!-- [et_pb_line_break_holder] -->    font-family: \"Poppins\", system-ui, -apple-system, Segoe UI, Roboto, sans-serif;<!-- [et_pb_line_break_holder] -->    font-weight: 500;<!-- [et_pb_line_break_holder] -->    letter-spacing: .1em;<!-- [et_pb_line_break_holder] -->    font-size: clamp(10px, 1.2vw, 13px);<!-- [et_pb_line_break_holder] -->    color: #0B1216;<!-- [et_pb_line_break_holder] -->    padding: .35rem .8rem;<!-- [et_pb_line_break_holder] -->    border-radius: 999px;<!-- [et_pb_line_break_holder] -->    background:<!-- [et_pb_line_break_holder] -->      radial-gradient(100% 100% at 50% 0%, #ffffff 0%, #ffffffc7 40%, #ffffff99 60%, #ffffff22 100%),<!-- [et_pb_line_break_holder] -->      linear-gradient(90deg, var(--curare-coral), var(--curare-orange), var(--curare-teal));<!-- [et_pb_line_break_holder] -->    box-shadow:<!-- [et_pb_line_break_holder] -->      0 0 4px var(--glow),<!-- [et_pb_line_break_holder] -->      0 0 10px var(--glow-teal),<!-- [et_pb_line_break_holder] -->      inset 0 0 4px #ffffff80;<!-- [et_pb_line_break_holder] -->  }<!-- [et_pb_line_break_holder] --><!-- [et_pb_line_break_holder] -->  @keyframes curare-glow {<!-- [et_pb_line_break_holder] -->    0% {<!-- [et_pb_line_break_holder] -->      text-shadow:<!-- [et_pb_line_break_holder] -->        0 0 3px var(--glow),<!-- [et_pb_line_break_holder] -->        0 0 8px var(--glow-teal);<!-- [et_pb_line_break_holder] -->      transform: translateY(0);<!-- [et_pb_line_break_holder] -->    }<!-- [et_pb_line_break_holder] -->    100% {<!-- [et_pb_line_break_holder] -->      text-shadow:<!-- [et_pb_line_break_holder] -->        0 0 6px var(--glow),<!-- [et_pb_line_break_holder] -->        0 0 14px var(--glow-teal);<!-- [et_pb_line_break_holder] -->      transform: translateY(-1px);<!-- [et_pb_line_break_holder] -->    }<!-- [et_pb_line_break_holder] -->  }<!-- [et_pb_line_break_holder] --><\/style>\n<p><!-- [et_pb_line_break_holder] --><!-- [et_pb_line_break_holder] --><\/p>\n<div class=\"curare-neon\"><!-- [et_pb_line_break_holder] -->  <\/p>\n<div class=\"title\">CURARE<\/div>\n<p><!-- [et_pb_line_break_holder] -->  <\/p>\n<div class=\"tag\">podcast<\/div>\n<p><!-- [et_pb_line_break_holder] --><\/div>\n<p>[\/et_pb_code][et_pb_code _builder_version=&#8221;4.27.4&#8243; _module_preset=&#8221;default&#8221; global_colors_info=&#8221;{}&#8221;][\/et_pb_code][\/et_pb_column][\/et_pb_row][\/et_pb_section]<\/p>\n","protected":false},"excerpt":{"rendered":"<p>&nbsp; Direcci\u00f3n: Iv\u00e1n David Gaona Morales Pa\u00eds: Colombia A\u00f1o: 2025 Duraci\u00f3n: 118 min Idioma: Espa\u00f1olDespu\u00e9s de mil d\u00edas de guerra civil en Colombia en 1902, el soldado revolucionario Alfredo Duarte Amado recibe un telegrama con la noticia del embarazo de la esposa de su hermano. Sabiendo que la guerra ya ha acabado, convence a un [&hellip;]<\/p>\n","protected":false},"author":1,"featured_media":0,"parent":0,"menu_order":0,"comment_status":"closed","ping_status":"closed","template":"","meta":{"_et_pb_use_builder":"on","_et_pb_old_content":"","_et_gb_content_width":"","footnotes":""},"class_list":["post-5066","page","type-page","status-publish","hentry"],"_links":{"self":[{"href":"http:\/\/lasurrealfilmfestival.com\/en\/wp-json\/wp\/v2\/pages\/5066","targetHints":{"allow":["GET"]}}],"collection":[{"href":"http:\/\/lasurrealfilmfestival.com\/en\/wp-json\/wp\/v2\/pages"}],"about":[{"href":"http:\/\/lasurrealfilmfestival.com\/en\/wp-json\/wp\/v2\/types\/page"}],"author":[{"embeddable":true,"href":"http:\/\/lasurrealfilmfestival.com\/en\/wp-json\/wp\/v2\/users\/1"}],"replies":[{"embeddable":true,"href":"http:\/\/lasurrealfilmfestival.com\/en\/wp-json\/wp\/v2\/comments?post=5066"}],"version-history":[{"count":7,"href":"http:\/\/lasurrealfilmfestival.com\/en\/wp-json\/wp\/v2\/pages\/5066\/revisions"}],"predecessor-version":[{"id":5216,"href":"http:\/\/lasurrealfilmfestival.com\/en\/wp-json\/wp\/v2\/pages\/5066\/revisions\/5216"}],"wp:attachment":[{"href":"http:\/\/lasurrealfilmfestival.com\/en\/wp-json\/wp\/v2\/media?parent=5066"}],"curies":[{"name":"wp","href":"https:\/\/api.w.org\/{rel}","templated":true}]}}