{"id":5421,"date":"2025-12-08T21:16:44","date_gmt":"2025-12-08T21:16:44","guid":{"rendered":"https:\/\/lasurrealfilmfestival.com\/?page_id=5421"},"modified":"2026-01-12T20:51:14","modified_gmt":"2026-01-12T20:51:14","slug":"la-surrealita","status":"publish","type":"page","link":"http:\/\/lasurrealfilmfestival.com\/en\/la-surrealita\/","title":{"rendered":"La Surrealita"},"content":{"rendered":"<p>[et_pb_section fb_built=&#8221;1&#8243; _builder_version=&#8221;4.27.4&#8243; _module_preset=&#8221;default&#8221; background_color=&#8221;gcid-e131284f-da7d-4506-84c7-fd2a6e1d4d6f&#8221; background_image=&#8221;https:\/\/lasurrealfilmfestival.com\/wp-content\/uploads\/2025\/10\/Tropical-Mountain-Landscape-at-Sunset.png&#8221; background_position=&#8221;top_center&#8221; background_vertical_offset=&#8221;11%&#8221; min_height=&#8221;994.2px&#8221; global_colors_info=&#8221;{%22gcid-e131284f-da7d-4506-84c7-fd2a6e1d4d6f%22:%91%22background_color%22%93}&#8221;][et_pb_row _builder_version=&#8221;4.27.4&#8243; _module_preset=&#8221;default&#8221; global_colors_info=&#8221;{}&#8221;][et_pb_column type=&#8221;4_4&#8243; _builder_version=&#8221;4.27.4&#8243; _module_preset=&#8221;default&#8221; global_colors_info=&#8221;{}&#8221;][et_pb_heading title=&#8221;La Surrealita&#8221; _builder_version=&#8221;4.27.4&#8243; _module_preset=&#8221;default&#8221; title_font=&#8221;|800|||||||&#8221; title_text_color=&#8221;gcid-b74eef71-a268-4efe-841b-c8ec143deee4&#8243; title_font_size=&#8221;51px&#8221; global_colors_info=&#8221;{%22gcid-b74eef71-a268-4efe-841b-c8ec143deee4%22:%91%22title_text_color%22%93}&#8221;][\/et_pb_heading][\/et_pb_column][\/et_pb_row][et_pb_row column_structure=&#8221;1_2,1_2&#8243; _builder_version=&#8221;4.27.4&#8243; _module_preset=&#8221;default&#8221; global_colors_info=&#8221;{}&#8221;][et_pb_column type=&#8221;1_2&#8243; _builder_version=&#8221;4.27.4&#8243; _module_preset=&#8221;default&#8221; global_colors_info=&#8221;{}&#8221;][et_pb_text _builder_version=&#8221;4.27.4&#8243; _module_preset=&#8221;default&#8221; text_font=&#8221;Nunito|800|||||||&#8221; text_text_color=&#8221;gcid-c67e4c14-9f9a-4541-bcfb-a3dbe227e267&#8243; text_font_size=&#8221;30px&#8221; hover_enabled=&#8221;0&#8243; global_colors_info=&#8221;{%22gcid-c67e4c14-9f9a-4541-bcfb-a3dbe227e267%22:%91%22text_text_color%22%93}&#8221; sticky_enabled=&#8221;0&#8243;]<\/p>\n<div>\n<p><span>La Surrealita es un espacio para ni\u00f1as y ni\u00f1os donde historias animadas del Sur Global invitan a so\u00f1ar, sentir y reflexionar. A trav\u00e9s de relatos sobre la naturaleza, la identidad y la convivencia, abrimos nuevas miradas sobre el mundo y celebramos la fuerza de las voces diversas y de la imaginaci\u00f3n como herramienta para crear otras realidades.<\/span><\/p>\n<p><span><\/span><\/p>\n<p><span><\/span><\/p>\n<p><span><\/span><\/p>\n<\/div>\n<div>\n<p>&nbsp;<\/p>\n<\/div>\n<p>[\/et_pb_text][et_pb_text _builder_version=&#8221;4.27.4&#8243; _module_preset=&#8221;default&#8221; text_font=&#8221;Nunito|800|||||||&#8221; text_text_color=&#8221;gcid-c67e4c14-9f9a-4541-bcfb-a3dbe227e267&#8243; text_font_size=&#8221;30px&#8221; hover_enabled=&#8221;0&#8243; global_colors_info=&#8221;{%22gcid-c67e4c14-9f9a-4541-bcfb-a3dbe227e267%22:%91%22text_text_color%22%93}&#8221; sticky_enabled=&#8221;0&#8243;]<\/p>\n<p><span>La Surrealita is a space for children where animated stories from the Global South invite them to dream, feel, and reflect. Through stories about nature, identity, and coexistence, we open new perspectives on the world and celebrate the power of diverse voices and imagination as tools for creating other realities.<\/span><\/p>\n<p>[\/et_pb_text][\/et_pb_column][et_pb_column type=&#8221;1_2&#8243; _builder_version=&#8221;4.27.4&#8243; _module_preset=&#8221;default&#8221; global_colors_info=&#8221;{}&#8221;][et_pb_gallery gallery_ids=&#8221;5454,5453,5455,5456&#8243; _builder_version=&#8221;4.27.4&#8243; _module_preset=&#8221;default&#8221; global_colors_info=&#8221;{}&#8221;][\/et_pb_gallery][et_pb_slider _builder_version=&#8221;4.27.4&#8243; _module_preset=&#8221;default&#8221; link_option_url_new_window=&#8221;on&#8221; hover_enabled=&#8221;0&#8243; global_colors_info=&#8221;{}&#8221; sticky_enabled=&#8221;0&#8243;][et_pb_slide heading=&#8221;LA SURREALITA                                  &#8221; button_text=&#8221;Trailer&#8221; button_link=&#8221;https:\/\/www.youtube.com\/watch?v=w0Bkl8qJk_E&#8221; _builder_version=&#8221;4.27.4&#8243; _module_preset=&#8221;default&#8221; background_color=&#8221;#F7FC01&#8243; background_enable_color=&#8221;on&#8221; background_image=&#8221;https:\/\/lasurrealfilmfestival.com\/wp-content\/uploads\/2025\/12\/La-Surrealita.png&#8221; background_enable_image=&#8221;on&#8221; text_orientation=&#8221;left&#8221; hover_enabled=&#8221;0&#8243; text_shadow_style=&#8221;preset5&#8243; text_shadow_horizontal_length=&#8221;0.23em&#8221; text_shadow_vertical_length=&#8221;0.11em&#8221; text_shadow_blur_strength=&#8221;0.22em&#8221; global_colors_info=&#8221;{}&#8221; sticky_transition=&#8221;on&#8221; sticky_enabled=&#8221;0&#8243;][\/et_pb_slide][\/et_pb_slider][\/et_pb_column][\/et_pb_row][\/et_pb_section]<\/p>\n","protected":false},"excerpt":{"rendered":"<p>La Surrealita es un espacio para ni\u00f1as y ni\u00f1os donde historias animadas del Sur Global invitan a so\u00f1ar, sentir y reflexionar. A trav\u00e9s de relatos sobre la naturaleza, la identidad y la convivencia, abrimos nuevas miradas sobre el mundo y celebramos la fuerza de las voces diversas y de la imaginaci\u00f3n como herramienta para crear [&hellip;]<\/p>\n","protected":false},"author":1,"featured_media":0,"parent":0,"menu_order":0,"comment_status":"closed","ping_status":"closed","template":"","meta":{"_et_pb_use_builder":"on","_et_pb_old_content":"","_et_gb_content_width":"","footnotes":""},"class_list":["post-5421","page","type-page","status-publish","hentry"],"_links":{"self":[{"href":"http:\/\/lasurrealfilmfestival.com\/en\/wp-json\/wp\/v2\/pages\/5421","targetHints":{"allow":["GET"]}}],"collection":[{"href":"http:\/\/lasurrealfilmfestival.com\/en\/wp-json\/wp\/v2\/pages"}],"about":[{"href":"http:\/\/lasurrealfilmfestival.com\/en\/wp-json\/wp\/v2\/types\/page"}],"author":[{"embeddable":true,"href":"http:\/\/lasurrealfilmfestival.com\/en\/wp-json\/wp\/v2\/users\/1"}],"replies":[{"embeddable":true,"href":"http:\/\/lasurrealfilmfestival.com\/en\/wp-json\/wp\/v2\/comments?post=5421"}],"version-history":[{"count":16,"href":"http:\/\/lasurrealfilmfestival.com\/en\/wp-json\/wp\/v2\/pages\/5421\/revisions"}],"predecessor-version":[{"id":5475,"href":"http:\/\/lasurrealfilmfestival.com\/en\/wp-json\/wp\/v2\/pages\/5421\/revisions\/5475"}],"wp:attachment":[{"href":"http:\/\/lasurrealfilmfestival.com\/en\/wp-json\/wp\/v2\/media?parent=5421"}],"curies":[{"name":"wp","href":"https:\/\/api.w.org\/{rel}","templated":true}]}}