{"id":4988,"date":"2025-10-15T11:39:59","date_gmt":"2025-10-15T11:39:59","guid":{"rendered":"https:\/\/lasurrealfilmfestival.com\/?page_id=4988"},"modified":"2026-01-12T20:31:05","modified_gmt":"2026-01-12T20:31:05","slug":"la-bonga","status":"publish","type":"page","link":"https:\/\/lasurrealfilmfestival.com\/en\/la-bonga\/","title":{"rendered":"La Bonga"},"content":{"rendered":"<p>[et_pb_section fb_built=&#8221;1&#8243; _builder_version=&#8221;4.27.4&#8243; _module_preset=&#8221;default&#8221;][et_pb_row column_structure=&#8221;1_2,1_2&#8243; _builder_version=&#8221;4.27.4&#8243; _module_preset=&#8221;default&#8221; global_colors_info=&#8221;{}&#8221;][et_pb_column type=&#8221;1_2&#8243; _builder_version=&#8221;4.27.4&#8243; _module_preset=&#8221;default&#8221; global_colors_info=&#8221;{}&#8221;][et_pb_image src=&#8221;https:\/\/lasurrealfilmfestival.com\/wp-content\/uploads\/2025\/10\/Screenshot-2025-10-15-at-13.54.18.png&#8221; title_text=&#8221;Screenshot 2025-10-15 at 13.54.18&#8243; _builder_version=&#8221;4.27.4&#8243; _module_preset=&#8221;default&#8221; global_colors_info=&#8221;{}&#8221;][\/et_pb_image][\/et_pb_column][et_pb_column type=&#8221;1_2&#8243; _builder_version=&#8221;4.27.4&#8243; _module_preset=&#8221;default&#8221; global_colors_info=&#8221;{}&#8221;][et_pb_text _builder_version=&#8221;4.27.4&#8243; _module_preset=&#8221;default&#8221; text_font=&#8221;Playfair Display|800|||||||&#8221; text_text_color=&#8221;gcid-c67e4c14-9f9a-4541-bcfb-a3dbe227e267&#8243; global_colors_info=&#8221;{%22gcid-c67e4c14-9f9a-4541-bcfb-a3dbe227e267%22:%91%22text_text_color%22%93}&#8221;]<\/p>\n<h1><\/h1>\n<p>&nbsp;<\/p>\n<p><strong><\/strong><\/p>\n<p><strong><\/strong><\/p>\n<p><strong><\/strong><\/p>\n<p><strong><\/strong><\/p>\n<p><strong><\/strong><\/p>\n<p><strong><\/strong><\/p>\n<p><strong><\/strong><\/p>\n<p><strong><\/strong><\/p>\n<p><strong><\/strong><\/p>\n<p><strong>Direcci\u00f3n:<\/strong> Canela Reyes y Sebasti\u00e1n Pinz\u00f3n<\/p>\n<p><strong>Pa\u00eds:<\/strong> Colombia<\/p>\n<p><strong>A\u00f1o:<\/strong> 2023<\/p>\n<p><strong>Duraci\u00f3n:<\/strong> 77 min<\/p>\n<p><strong>Idioma:<\/strong> Espa\u00f1ol<\/p>\n<p>[\/et_pb_text][\/et_pb_column][\/et_pb_row][\/et_pb_section][et_pb_section fb_built=&#8221;1&#8243; _builder_version=&#8221;4.27.4&#8243; _module_preset=&#8221;default&#8221;][et_pb_row _builder_version=&#8221;4.27.4&#8243; _module_preset=&#8221;default&#8221; global_colors_info=&#8221;{}&#8221;][et_pb_column type=&#8221;4_4&#8243; _builder_version=&#8221;4.27.4&#8243; _module_preset=&#8221;default&#8221; global_colors_info=&#8221;{}&#8221;][et_pb_text _builder_version=&#8221;4.27.4&#8243; _module_preset=&#8221;default&#8221; text_font=&#8221;&#8211;et_global_body_font|800|||||||&#8221; text_text_color=&#8221;gcid-c67e4c14-9f9a-4541-bcfb-a3dbe227e267&#8243; min_height=&#8221;255px&#8221; global_colors_info=&#8221;{%22gcid-c67e4c14-9f9a-4541-bcfb-a3dbe227e267%22:%91%22text_text_color%22%93}&#8221;]<\/p>\n<div class=\"texteditor-inline-lineheight\"><span class=\"texteditor-inline-fontsize\">Hace 20 a\u00f1os, el pueblo palenquero de La Bonga recibi\u00f3 una amenaza firmada por paramilitares. Esa misma noche, 120 familias salieron para nunca volver. Hoy, La Bonga ha sido devorada por la selva, y toda una generaci\u00f3n solo conoce su pueblo a trav\u00e9s de historias.<\/span><\/div>\n<div class=\"texteditor-inline-lineheight\"><span class=\"texteditor-inline-fontsize\">Mar\u00eda ha sido la \u00fanica persona que ha regresado a vivir all\u00e1. Muchos creen que est\u00e1 loca y que pone en riesgo su vida. Despu\u00e9s de dos d\u00e9cadas, Mar\u00eda lidera a m\u00e1s de 300 personas durante el primer retorno colectivo a La Bonga, para llevar a cabo una enorme celebraci\u00f3n.\u00a0<\/span><\/div>\n<div class=\"texteditor-inline-lineheight\"><span class=\"texteditor-inline-fontsize\">La Bonga es un viaje simb\u00f3lico por las selvas del Caribe colombiano para resucitar un lugar que s\u00f3lo existe en la memoria, un ritual de despedida de un pueblo que fue y que no volver\u00e1. En un acto de resistencia, esta fiesta suelta lo perdido, lo deja ir, mientras celebra su memoria y su comunidad.<\/span><\/div>\n<p>[\/et_pb_text][\/et_pb_column][\/et_pb_row][\/et_pb_section][et_pb_section fb_built=&#8221;1&#8243; _builder_version=&#8221;4.27.4&#8243; _module_preset=&#8221;default&#8221;][et_pb_row _builder_version=&#8221;4.27.4&#8243; _module_preset=&#8221;default&#8221; hover_enabled=&#8221;0&#8243; global_colors_info=&#8221;{}&#8221; sticky_enabled=&#8221;0&#8243;][et_pb_column type=&#8221;4_4&#8243; _builder_version=&#8221;4.27.4&#8243; _module_preset=&#8221;default&#8221; global_colors_info=&#8221;{}&#8221;][et_pb_gallery gallery_ids=&#8221;5001,4999,5000,4998&#8243; show_title_and_caption=&#8221;off&#8221; show_pagination=&#8221;off&#8221; _builder_version=&#8221;4.27.4&#8243; _module_preset=&#8221;default&#8221; hover_enabled=&#8221;0&#8243; global_colors_info=&#8221;{}&#8221; sticky_enabled=&#8221;0&#8243;][\/et_pb_gallery][\/et_pb_column][\/et_pb_row][\/et_pb_section][et_pb_section fb_built=&#8221;1&#8243; _builder_version=&#8221;4.27.4&#8243; _module_preset=&#8221;default&#8221; global_colors_info=&#8221;{}&#8221;][et_pb_row _builder_version=&#8221;4.27.4&#8243; _module_preset=&#8221;default&#8221; global_colors_info=&#8221;{}&#8221;][et_pb_column type=&#8221;4_4&#8243; _builder_version=&#8221;4.27.4&#8243; _module_preset=&#8221;default&#8221; global_colors_info=&#8221;{}&#8221;][et_pb_text _builder_version=&#8221;4.27.4&#8243; _module_preset=&#8221;default&#8221; text_font=&#8221;Playfair Display|800|||||||&#8221; text_text_color=&#8221;gcid-c67e4c14-9f9a-4541-bcfb-a3dbe227e267&#8243; global_colors_info=&#8221;{%22gcid-c67e4c14-9f9a-4541-bcfb-a3dbe227e267%22:%91%22text_text_color%22%93}&#8221;]<\/p>\n<p>Ficha T\u00e9cnica<\/p>\n<p>[\/et_pb_text][\/et_pb_column][\/et_pb_row][et_pb_row column_structure=&#8221;1_2,1_2&#8243; _builder_version=&#8221;4.27.4&#8243; _module_preset=&#8221;default&#8221; global_colors_info=&#8221;{}&#8221;][et_pb_column type=&#8221;1_2&#8243; _builder_version=&#8221;4.27.4&#8243; _module_preset=&#8221;default&#8221; global_colors_info=&#8221;{}&#8221;][et_pb_text _builder_version=&#8221;4.27.4&#8243; _module_preset=&#8221;default&#8221; text_font=&#8221;&#8211;et_global_body_font|800|||||||&#8221; text_text_color=&#8221;gcid-c67e4c14-9f9a-4541-bcfb-a3dbe227e267&#8243; global_colors_info=&#8221;{%22gcid-c67e4c14-9f9a-4541-bcfb-a3dbe227e267%22:%91%22text_text_color%22%93}&#8221;]<\/p>\n<p data-start=\"93\" data-end=\"124\"><strong data-start=\"93\" data-end=\"113\">T\u00edtulo original:<\/strong> La Bonga<\/p>\n<p data-start=\"126\" data-end=\"172\"><strong data-start=\"126\" data-end=\"140\">Direcci\u00f3n:<\/strong> Canela Reyes y Sebasti\u00e1n Pinz\u00f3n<\/p>\n<p data-start=\"218\" data-end=\"238\"><strong data-start=\"218\" data-end=\"227\">Pa\u00eds:<\/strong> Colombia<\/p>\n<p data-start=\"240\" data-end=\"255\"><strong data-start=\"240\" data-end=\"248\">A\u00f1o:<\/strong> 2023<\/p>\n<p data-start=\"257\" data-end=\"285\"><strong data-start=\"257\" data-end=\"270\">Duraci\u00f3n:<\/strong> Largometraje<\/p>\n<p data-start=\"287\" data-end=\"317\"><strong data-start=\"287\" data-end=\"307\">Idioma original:<\/strong> Espa\u00f1ol<\/p>\n<p data-start=\"368\" data-end=\"411\"><strong data-start=\"368\" data-end=\"379\">G\u00e9nero:<\/strong> Documental<\/p>\n<p data-start=\"413\" data-end=\"445\"><strong data-start=\"413\" data-end=\"428\">Fotograf\u00eda:<\/strong> Timothy Fryett<\/p>\n<p data-start=\"413\" data-end=\"445\"><span><strong>Edici\u00f3n:<\/strong>Laura Huertas Mill\u00e1s, Canela Reyes y Sebasti\u00e1n Pinz\u00f3n<\/span><\/p>\n<p data-start=\"493\" data-end=\"560\"><strong data-start=\"493\" data-end=\"508\">Producci\u00f3n:<\/strong> Gabriel garcia Pardo<\/p>\n<p data-start=\"605\" data-end=\"644\"><strong data-start=\"605\" data-end=\"629\">Productor ejecutivo:<\/strong> Kellen Quinn<\/p>\n<p data-start=\"646\" data-end=\"677\"><strong data-start=\"646\" data-end=\"662\">Coproductor:<\/strong> Nevo Shinaar<\/p>\n<p data-start=\"679\" data-end=\"729\"><strong data-start=\"679\" data-end=\"702\">Productor de campo:<\/strong> Di\u00f3genes Cabarcas Zurita<\/p>\n<p data-start=\"731\" data-end=\"779\"><strong data-start=\"731\" data-end=\"753\">Direcci\u00f3n de arte:<\/strong> Rafael Herrera Guerrero<\/p>\n<p data-start=\"781\" data-end=\"824\"><strong data-start=\"781\" data-end=\"800\">Sonido directo:<\/strong> Yesid \u201cMinga\u201d V\u00e1squez<\/p>\n<p data-start=\"826\" data-end=\"866\"><strong data-start=\"826\" data-end=\"847\">Dise\u00f1o de sonido:<\/strong> Mercedes Gaviria<\/p>\n<p data-start=\"868\" data-end=\"934\"><strong data-start=\"868\" data-end=\"880\">Formato:<\/strong> 4K (captura) \/ DCP (proyecci\u00f3n) \/ Color \/ Dolby 5.1<\/p>\n<p data-start=\"936\" data-end=\"972\"><strong data-start=\"936\" data-end=\"951\">Locaciones:<\/strong> La Bonga (Bol\u00edvar)<\/p>\n<p data-start=\"974\" data-end=\"1031\"><strong data-start=\"974\" data-end=\"1006\">Fecha de estreno (Colombia):<\/strong> 9 de noviembre de 2023<\/p>\n<p data-start=\"1033\" data-end=\"1062\"><span>Grabado en Colombia en el departamento de Bol\u00edvar<\/span><\/p>\n<p data-start=\"1033\" data-end=\"1062\"><span><\/span><\/p>\n<div class=\"texteditor-inline-lineheight\"><\/div>\n<p>[\/et_pb_text][\/et_pb_column][et_pb_column type=&#8221;1_2&#8243; _builder_version=&#8221;4.27.4&#8243; _module_preset=&#8221;default&#8221; global_colors_info=&#8221;{}&#8221;][et_pb_video src=&#8221;https:\/\/www.youtube.com\/watch?v=5ywqGjRpuKg&#8221; _builder_version=&#8221;4.27.4&#8243; _module_preset=&#8221;default&#8221; global_colors_info=&#8221;{}&#8221;][\/et_pb_video][et_pb_text _builder_version=&#8221;4.27.4&#8243; _module_preset=&#8221;default&#8221; text_font=&#8221;&#8211;et_global_body_font|800|||||||&#8221; text_text_color=&#8221;gcid-b7f06a10-4d36-4163-b049-62314b9050fc&#8221; global_colors_info=&#8221;{%22gcid-b7f06a10-4d36-4163-b049-62314b9050fc%22:%91%22text_text_color%22%93}&#8221;]<\/p>\n<div class=\"texteditor-inline-lineheight\"><span class=\"texteditor-inline-fontsize\">PROTAGONISTAS<br \/>Mar\u00eda de los Santos Caceres<br \/>\u00d3scar Herrera<br \/>P\u00e1nfido Valdez<\/span><\/div>\n<div class=\"texteditor-inline-lineheight\"><span class=\"texteditor-inline-fontsize\"><\/span><\/div>\n<div class=\"texteditor-inline-lineheight\"><span class=\"texteditor-inline-fontsize\"><\/span><\/div>\n<div class=\"texteditor-inline-lineheight\"><span class=\"texteditor-inline-fontsize\">\u00a0<\/span><\/div>\n<div class=\"texteditor-inline-lineheight\"><span class=\"texteditor-inline-fontsize\"><\/span><\/div>\n<div class=\"texteditor-inline-lineheight\"><span class=\"texteditor-inline-fontsize\"><\/span><\/div>\n<div class=\"texteditor-inline-lineheight\"><span class=\"texteditor-inline-fontsize\">Una pel\u00edcula de\u00a0&#8211;\u00a0Jarana Cine +\u00a0Colectivo de Comunicaciones Kuch\u00e1 Suto\u00a0<\/span><span class=\"texteditor-inline-fontsize\">con el apoyo de Sundance Institute, Catapult Film Fund, Nia Tero, y Visions Sud Est.<\/span><\/div>\n<p>[\/et_pb_text][\/et_pb_column][\/et_pb_row][et_pb_row _builder_version=&#8221;4.27.4&#8243; _module_preset=&#8221;default&#8221; global_colors_info=&#8221;{}&#8221;][et_pb_column type=&#8221;4_4&#8243; _builder_version=&#8221;4.27.4&#8243; _module_preset=&#8221;default&#8221; global_colors_info=&#8221;{}&#8221;][et_pb_button button_url=&#8221;https:\/\/lasurrealfilmfestival.com\/posters-oficial-2025\/&#8221; button_text=&#8221;Volver a la Selecci\u00f3n&#8221; _builder_version=&#8221;4.27.4&#8243; _module_preset=&#8221;default&#8221; custom_css_free_form=&#8221;<a href=%22\/posters-oficial-2025\/%22 class=%22volver-boton%22>\u2190 Volver a la selecci\u00f3n<\/a>||||<\/p>\n<style>||.volver-boton {||  display: inline-block;||  background-color: #000;       \/* Color de fondo *\/||  color: #fff;                  \/* Color del texto *\/||  padding: 10px 20px;||  border-radius: 30px;||  text-decoration: none;||  font-weight: 600;||  transition: background-color 0.3s ease;||  margin-top: 20px;             \/* Espacio superior *\/||}||||.volver-boton:hover {||  background-color: #444;       \/* Color al pasar el mouse *\/||}||<\/style>\n<p>&#8221; global_colors_info=&#8221;{}&#8221;][\/et_pb_button][\/et_pb_column][\/et_pb_row][\/et_pb_section][et_pb_section fb_built=&#8221;1&#8243; _builder_version=&#8221;4.27.4&#8243; _module_preset=&#8221;default&#8221; global_colors_info=&#8221;{}&#8221;][et_pb_row column_structure=&#8221;1_3,1_3,1_3&#8243; _builder_version=&#8221;4.27.4&#8243; _module_preset=&#8221;default&#8221; global_colors_info=&#8221;{}&#8221;][et_pb_column type=&#8221;1_3&#8243; _builder_version=&#8221;4.27.4&#8243; _module_preset=&#8221;default&#8221; global_colors_info=&#8221;{}&#8221;][et_pb_code _builder_version=&#8221;4.27.4&#8243; _module_preset=&#8221;default&#8221; custom_margin=&#8221;11px|-4px|-33px|68px|false|false&#8221; custom_padding=&#8221;1px||0px|1px|false|false&#8221; global_colors_info=&#8221;{}&#8221;]<a href=\"mailto:lasurrealfestival@gmail.com\" <!-- [et_pb_line_break_holder] -->   title=&#8221;Escr\u00edbenos&#8221; <!-- [et_pb_line_break_holder] -->   style=&#8221;display:inline-block;<!-- [et_pb_line_break_holder] -->          background:#D93025;<!-- [et_pb_line_break_holder] -->          color:#fff;<!-- [et_pb_line_break_holder] -->          width:36px;<!-- [et_pb_line_break_holder] -->          height:36px;<!-- [et_pb_line_break_holder] -->          text-align:center;<!-- [et_pb_line_break_holder] -->          line-height:36px;<!-- [et_pb_line_break_holder] -->          border-radius:50%;<!-- [et_pb_line_break_holder] -->          font-size:18px;<!-- [et_pb_line_break_holder] -->          text-decoration:none;<!-- [et_pb_line_break_holder] -->          margin-left:8px;&#8221;><!-- [et_pb_line_break_holder] -->  \u2709\ufe0f<!-- [et_pb_line_break_holder] --><\/a>[\/et_pb_code][et_pb_social_media_follow _builder_version=&#8221;4.27.4&#8243; _module_preset=&#8221;default&#8221; global_colors_info=&#8221;{}&#8221;][et_pb_social_media_follow_network social_network=&#8221;facebook&#8221; url=&#8221;https:\/\/www.facebook.com\/lasurrealfilmfestival&#8221; _builder_version=&#8221;4.27.4&#8243; _module_preset=&#8221;default&#8221; background_color=&#8221;#3b5998&#8243; global_colors_info=&#8221;{}&#8221; follow_button=&#8221;off&#8221; url_new_window=&#8221;on&#8221;]facebook[\/et_pb_social_media_follow_network][et_pb_social_media_follow_network social_network=&#8221;instagram&#8221; url=&#8221;https:\/\/www.instagram.com\/lasurrealfilmfestival\/&#8221; _builder_version=&#8221;4.27.4&#8243; _module_preset=&#8221;default&#8221; background_color=&#8221;#ea2c59&#8243; global_colors_info=&#8221;{}&#8221; follow_button=&#8221;off&#8221; url_new_window=&#8221;on&#8221;]instagram[\/et_pb_social_media_follow_network][\/et_pb_social_media_follow][\/et_pb_column][et_pb_column type=&#8221;1_3&#8243; _builder_version=&#8221;4.27.4&#8243; _module_preset=&#8221;default&#8221; global_colors_info=&#8221;{}&#8221;][et_pb_code _builder_version=&#8221;4.27.4&#8243; _module_preset=&#8221;default&#8221; global_colors_info=&#8221;{}&#8221;][\/et_pb_code][\/et_pb_column][et_pb_column type=&#8221;1_3&#8243; _builder_version=&#8221;4.27.4&#8243; _module_preset=&#8221;default&#8221; global_colors_info=&#8221;{}&#8221;][et_pb_image src=&#8221;https:\/\/lasurrealfilmfestival.com\/wp-content\/uploads\/2024\/12\/Curare_raw.png&#8221; title_text=&#8221;Curare_raw&#8221; url=&#8221;http:\/\/kunstrial.org\/curare-podcast\/&#8221; url_new_window=&#8221;on&#8221; _builder_version=&#8221;4.27.4&#8243; _module_preset=&#8221;default&#8221; width=&#8221;68%&#8221; global_colors_info=&#8221;{}&#8221;][\/et_pb_image][et_pb_code _builder_version=&#8221;4.27.4&#8243; _module_preset=&#8221;default&#8221; width=&#8221;75%&#8221; global_colors_info=&#8221;{}&#8221;]<\/p>\n<style><!-- [et_pb_line_break_holder] -->  .curare-neon {<!-- [et_pb_line_break_holder] -->    display:flex; flex-direction:column; align-items:center; gap:.25rem;<!-- [et_pb_line_break_holder] -->    text-align:center; line-height:1; user-select:none;<!-- [et_pb_line_break_holder] -->  }<!-- [et_pb_line_break_holder] --><!-- [et_pb_line_break_holder] -->  :root{<!-- [et_pb_line_break_holder] -->    --curare-orange:#FF7A45;<!-- [et_pb_line_break_holder] -->    --curare-coral:#FF5E57;<!-- [et_pb_line_break_holder] -->    --curare-cream:#F5E6CF;<!-- [et_pb_line_break_holder] -->    --curare-teal:#2FBDB6;<!-- [et_pb_line_break_holder] -->    --glow: rgba(255,122,69,.45);<!-- [et_pb_line_break_holder] -->    --glow-teal: rgba(47,189,182,.35);<!-- [et_pb_line_break_holder] -->  }<!-- [et_pb_line_break_holder] --><!-- [et_pb_line_break_holder] -->  .curare-neon .title {<!-- [et_pb_line_break_holder] -->    font-family: \"Poppins\", system-ui, -apple-system, Segoe UI, Roboto, sans-serif;<!-- [et_pb_line_break_holder] -->    font-weight: 700;<!-- [et_pb_line_break_holder] -->    letter-spacing: .14em;<!-- [et_pb_line_break_holder] -->    text-transform: uppercase;<!-- [et_pb_line_break_holder] -->    font-size: clamp(20px, 3.5vw, 34px);<!-- [et_pb_line_break_holder] -->    background: linear-gradient(90deg, var(--curare-orange), var(--curare-cream), var(--curare-teal), var(--curare-orange));<!-- [et_pb_line_break_holder] -->    -webkit-background-clip: text;<!-- [et_pb_line_break_holder] -->    background-clip: text;<!-- [et_pb_line_break_holder] -->    color: transparent;<!-- [et_pb_line_break_holder] -->    text-shadow:<!-- [et_pb_line_break_holder] -->      0 0 4px var(--glow),<!-- [et_pb_line_break_holder] -->      0 0 10px var(--glow-teal);<!-- [et_pb_line_break_holder] -->    filter: drop-shadow(0 0 4px rgba(255,255,255,.08));<!-- [et_pb_line_break_holder] -->    animation: curare-glow 3s ease-in-out infinite alternate;<!-- [et_pb_line_break_holder] -->  }<!-- [et_pb_line_break_holder] --><!-- [et_pb_line_break_holder] -->  .curare-neon .tag {<!-- [et_pb_line_break_holder] -->    font-family: \"Poppins\", system-ui, -apple-system, Segoe UI, Roboto, sans-serif;<!-- [et_pb_line_break_holder] -->    font-weight: 500;<!-- [et_pb_line_break_holder] -->    letter-spacing: .1em;<!-- [et_pb_line_break_holder] -->    font-size: clamp(10px, 1.2vw, 13px);<!-- [et_pb_line_break_holder] -->    color: #0B1216;<!-- [et_pb_line_break_holder] -->    padding: .35rem .8rem;<!-- [et_pb_line_break_holder] -->    border-radius: 999px;<!-- [et_pb_line_break_holder] -->    background:<!-- [et_pb_line_break_holder] -->      radial-gradient(100% 100% at 50% 0%, #ffffff 0%, #ffffffc7 40%, #ffffff99 60%, #ffffff22 100%),<!-- [et_pb_line_break_holder] -->      linear-gradient(90deg, var(--curare-coral), var(--curare-orange), var(--curare-teal));<!-- [et_pb_line_break_holder] -->    box-shadow:<!-- [et_pb_line_break_holder] -->      0 0 4px var(--glow),<!-- [et_pb_line_break_holder] -->      0 0 10px var(--glow-teal),<!-- [et_pb_line_break_holder] -->      inset 0 0 4px #ffffff80;<!-- [et_pb_line_break_holder] -->  }<!-- [et_pb_line_break_holder] --><!-- [et_pb_line_break_holder] -->  @keyframes curare-glow {<!-- [et_pb_line_break_holder] -->    0% {<!-- [et_pb_line_break_holder] -->      text-shadow:<!-- [et_pb_line_break_holder] -->        0 0 3px var(--glow),<!-- [et_pb_line_break_holder] -->        0 0 8px var(--glow-teal);<!-- [et_pb_line_break_holder] -->      transform: translateY(0);<!-- [et_pb_line_break_holder] -->    }<!-- [et_pb_line_break_holder] -->    100% {<!-- [et_pb_line_break_holder] -->      text-shadow:<!-- [et_pb_line_break_holder] -->        0 0 6px var(--glow),<!-- [et_pb_line_break_holder] -->        0 0 14px var(--glow-teal);<!-- [et_pb_line_break_holder] -->      transform: translateY(-1px);<!-- [et_pb_line_break_holder] -->    }<!-- [et_pb_line_break_holder] -->  }<!-- [et_pb_line_break_holder] --><\/style>\n<p><!-- [et_pb_line_break_holder] --><!-- [et_pb_line_break_holder] --><\/p>\n<div class=\"curare-neon\"><!-- [et_pb_line_break_holder] -->  <\/p>\n<div class=\"title\">CURARE<\/div>\n<p><!-- [et_pb_line_break_holder] -->  <\/p>\n<div class=\"tag\">podcast<\/div>\n<p><!-- [et_pb_line_break_holder] --><\/div>\n<p>[\/et_pb_code][et_pb_code _builder_version=&#8221;4.27.4&#8243; _module_preset=&#8221;default&#8221; global_colors_info=&#8221;{}&#8221;][\/et_pb_code][\/et_pb_column][\/et_pb_row][\/et_pb_section]<\/p>\n","protected":false},"excerpt":{"rendered":"<p>&nbsp; Direcci\u00f3n: Canela Reyes y Sebasti\u00e1n Pinz\u00f3n Pa\u00eds: Colombia A\u00f1o: 2023 Duraci\u00f3n: 77 min Idioma: Espa\u00f1olHace 20 a\u00f1os, el pueblo palenquero de La Bonga recibi\u00f3 una amenaza firmada por paramilitares. Esa misma noche, 120 familias salieron para nunca volver. Hoy, La Bonga ha sido devorada por la selva, y toda una generaci\u00f3n solo conoce su [&hellip;]<\/p>\n","protected":false},"author":1,"featured_media":0,"parent":0,"menu_order":0,"comment_status":"closed","ping_status":"closed","template":"","meta":{"_et_pb_use_builder":"on","_et_pb_old_content":"","_et_gb_content_width":"","footnotes":""},"class_list":["post-4988","page","type-page","status-publish","hentry"],"_links":{"self":[{"href":"https:\/\/lasurrealfilmfestival.com\/en\/wp-json\/wp\/v2\/pages\/4988","targetHints":{"allow":["GET"]}}],"collection":[{"href":"https:\/\/lasurrealfilmfestival.com\/en\/wp-json\/wp\/v2\/pages"}],"about":[{"href":"https:\/\/lasurrealfilmfestival.com\/en\/wp-json\/wp\/v2\/types\/page"}],"author":[{"embeddable":true,"href":"https:\/\/lasurrealfilmfestival.com\/en\/wp-json\/wp\/v2\/users\/1"}],"replies":[{"embeddable":true,"href":"https:\/\/lasurrealfilmfestival.com\/en\/wp-json\/wp\/v2\/comments?post=4988"}],"version-history":[{"count":7,"href":"https:\/\/lasurrealfilmfestival.com\/en\/wp-json\/wp\/v2\/pages\/4988\/revisions"}],"predecessor-version":[{"id":5468,"href":"https:\/\/lasurrealfilmfestival.com\/en\/wp-json\/wp\/v2\/pages\/4988\/revisions\/5468"}],"wp:attachment":[{"href":"https:\/\/lasurrealfilmfestival.com\/en\/wp-json\/wp\/v2\/media?parent=4988"}],"curies":[{"name":"wp","href":"https:\/\/api.w.org\/{rel}","templated":true}]}}