{"id":5109,"date":"2025-10-21T09:54:08","date_gmt":"2025-10-21T09:54:08","guid":{"rendered":"https:\/\/lasurrealfilmfestival.com\/?page_id=5109"},"modified":"2025-10-29T22:56:09","modified_gmt":"2025-10-29T22:56:09","slug":"el-origen-de-las-especies","status":"publish","type":"page","link":"https:\/\/lasurrealfilmfestival.com\/en\/el-origen-de-las-especies\/","title":{"rendered":"El Origen de las especies"},"content":{"rendered":"<p>[et_pb_section fb_built=&#8221;1&#8243; _builder_version=&#8221;4.27.4&#8243; _module_preset=&#8221;default&#8221;][et_pb_row column_structure=&#8221;1_2,1_2&#8243; _builder_version=&#8221;4.27.4&#8243; _module_preset=&#8221;default&#8221; global_colors_info=&#8221;{}&#8221;][et_pb_column type=&#8221;1_2&#8243; _builder_version=&#8221;4.27.4&#8243; _module_preset=&#8221;default&#8221; global_colors_info=&#8221;{}&#8221;][et_pb_image src=&#8221;https:\/\/lasurrealfilmfestival.com\/wp-content\/uploads\/2025\/10\/Screenshot-2025-10-21-at-12.00.56.png&#8221; title_text=&#8221;El Origen de las especies_Poster&#8221; _builder_version=&#8221;4.27.4&#8243; _module_preset=&#8221;default&#8221; global_colors_info=&#8221;{}&#8221;][\/et_pb_image][\/et_pb_column][et_pb_column type=&#8221;1_2&#8243; _builder_version=&#8221;4.27.4&#8243; _module_preset=&#8221;default&#8221; global_colors_info=&#8221;{}&#8221;][et_pb_text _builder_version=&#8221;4.27.4&#8243; _module_preset=&#8221;default&#8221; text_font=&#8221;Playfair Display|800|||||||&#8221; text_text_color=&#8221;gcid-c67e4c14-9f9a-4541-bcfb-a3dbe227e267&#8243; custom_margin=&#8221;|-90px||||&#8221; hover_enabled=&#8221;0&#8243; global_colors_info=&#8221;{%22gcid-c67e4c14-9f9a-4541-bcfb-a3dbe227e267%22:%91%22text_text_color%22%93}&#8221; sticky_enabled=&#8221;0&#8243;]<\/p>\n<h1><\/h1>\n<p>&nbsp;<\/p>\n<p><strong><\/strong><\/p>\n<p><strong><\/strong><\/p>\n<p><strong><\/strong><\/p>\n<p><strong><\/strong><\/p>\n<p><strong><\/strong><\/p>\n<p><strong><\/strong><\/p>\n<p><strong><\/strong><\/p>\n<p><strong><\/strong><\/p>\n<p><strong><\/strong><\/p>\n<p><strong>Direcci\u00f3n:<\/strong> Tiagx V\u00e9lez, Juliana Zuluaga, Anal\u00fa Laferal<\/p>\n<p><strong>Pa\u00eds:<\/strong> Colombia<\/p>\n<p><strong>A\u00f1o:<\/strong> 2024<\/p>\n<p><strong>Duraci\u00f3n:<\/strong> 71 min<\/p>\n<p><strong>Idioma:<\/strong> Espa\u00f1ol<\/p>\n<p>[\/et_pb_text][\/et_pb_column][\/et_pb_row][\/et_pb_section][et_pb_section fb_built=&#8221;1&#8243; _builder_version=&#8221;4.27.4&#8243; _module_preset=&#8221;default&#8221;][et_pb_row _builder_version=&#8221;4.27.4&#8243; _module_preset=&#8221;default&#8221; global_colors_info=&#8221;{}&#8221;][et_pb_column type=&#8221;4_4&#8243; _builder_version=&#8221;4.27.4&#8243; _module_preset=&#8221;default&#8221; global_colors_info=&#8221;{}&#8221;][et_pb_text _builder_version=&#8221;4.27.4&#8243; _module_preset=&#8221;default&#8221; text_font=&#8221;&#8211;et_global_body_font|800|||||||&#8221; text_text_color=&#8221;gcid-c67e4c14-9f9a-4541-bcfb-a3dbe227e267&#8243; min_height=&#8221;255px&#8221; global_colors_info=&#8221;{%22gcid-c67e4c14-9f9a-4541-bcfb-a3dbe227e267%22:%91%22text_text_color%22%93}&#8221;]<\/p>\n<p><span>Despu\u00e9s de atravesar el cosmos viajando al interior de g\u00e9lidas rocas de hielo, una nueva especie cambia el rumbo del planeta azul, cuando millones de estas impactan en la vastedad de la Tierra. Una pel\u00edcula mutante y capitular, que recoge el trabajo transfuturista del colectivo Cris\u00e1lida Cine, durante los \u00faltimos a\u00f1os. \u00a0<\/span><\/p>\n<p>[\/et_pb_text][\/et_pb_column][\/et_pb_row][\/et_pb_section][et_pb_section fb_built=&#8221;1&#8243; _builder_version=&#8221;4.27.4&#8243; _module_preset=&#8221;default&#8221;][et_pb_row _builder_version=&#8221;4.27.4&#8243; _module_preset=&#8221;default&#8221; global_colors_info=&#8221;{}&#8221;][et_pb_column type=&#8221;4_4&#8243; _builder_version=&#8221;4.27.4&#8243; _module_preset=&#8221;default&#8221; global_colors_info=&#8221;{}&#8221;][et_pb_gallery gallery_ids=&#8221;5118,5119,5120,5121,5122&#8243; gallery_orderby=&#8221;rand&#8221; show_title_and_caption=&#8221;off&#8221; show_pagination=&#8221;off&#8221; _builder_version=&#8221;4.27.4&#8243; _module_preset=&#8221;default&#8221; global_colors_info=&#8221;{}&#8221;][\/et_pb_gallery][\/et_pb_column][\/et_pb_row][\/et_pb_section][et_pb_section fb_built=&#8221;1&#8243; _builder_version=&#8221;4.27.4&#8243; _module_preset=&#8221;default&#8221; global_colors_info=&#8221;{}&#8221;][et_pb_row _builder_version=&#8221;4.27.4&#8243; _module_preset=&#8221;default&#8221; global_colors_info=&#8221;{}&#8221;][et_pb_column type=&#8221;4_4&#8243; _builder_version=&#8221;4.27.4&#8243; _module_preset=&#8221;default&#8221; global_colors_info=&#8221;{}&#8221;][et_pb_text _builder_version=&#8221;4.27.4&#8243; _module_preset=&#8221;default&#8221; text_font=&#8221;Playfair Display|800|||||||&#8221; text_text_color=&#8221;gcid-c67e4c14-9f9a-4541-bcfb-a3dbe227e267&#8243; global_colors_info=&#8221;{%22gcid-c67e4c14-9f9a-4541-bcfb-a3dbe227e267%22:%91%22text_text_color%22%93}&#8221;]<\/p>\n<p>Ficha T\u00e9cnica<\/p>\n<p>[\/et_pb_text][\/et_pb_column][\/et_pb_row][et_pb_row column_structure=&#8221;1_2,1_2&#8243; _builder_version=&#8221;4.27.4&#8243; _module_preset=&#8221;default&#8221; global_colors_info=&#8221;{}&#8221;][et_pb_column type=&#8221;1_2&#8243; _builder_version=&#8221;4.27.4&#8243; _module_preset=&#8221;default&#8221; global_colors_info=&#8221;{}&#8221;][et_pb_text _builder_version=&#8221;4.27.4&#8243; _module_preset=&#8221;default&#8221; text_font=&#8221;&#8211;et_global_body_font|800|||||||&#8221; text_text_color=&#8221;gcid-c67e4c14-9f9a-4541-bcfb-a3dbe227e267&#8243; global_colors_info=&#8221;{%22gcid-c67e4c14-9f9a-4541-bcfb-a3dbe227e267%22:%91%22text_text_color%22%93}&#8221;]<\/p>\n<p data-start=\"199\" data-end=\"1011\"><strong data-start=\"246\" data-end=\"266\">T\u00edtulo original:<\/strong> El Origen De Las Especies<\/p>\n<p data-start=\"199\" data-end=\"1011\"><br data-start=\"291\" data-end=\"294\" \/><strong data-start=\"294\" data-end=\"308\">Direcci\u00f3n:<\/strong> Tiagx V\u00e9lez, Juliana Zuluaga Montoya Anal\u00fa Laferal<\/p>\n<p data-start=\"199\" data-end=\"1011\"><br data-start=\"326\" data-end=\"329\" \/><strong data-start=\"329\" data-end=\"339\">Guion:<\/strong> Tiagx V\u00e9lez, Anal\u00fa Laferal, Felipx Ortiz, Juliana Zuluaga Montoya<\/p>\n<p data-start=\"199\" data-end=\"1011\"><br data-start=\"405\" data-end=\"408\" data-is-only-node=\"\" \/><strong data-start=\"408\" data-end=\"417\">Pa\u00eds:<\/strong> Colombia<\/p>\n<p data-start=\"199\" data-end=\"1011\"><strong data-start=\"429\" data-end=\"437\">A\u00f1o:<\/strong> 2024<\/p>\n<p data-start=\"199\" data-end=\"1011\"><br data-start=\"442\" data-end=\"445\" \/><strong data-start=\"445\" data-end=\"458\">Duraci\u00f3n:<\/strong> 71 min<\/p>\n<p data-start=\"199\" data-end=\"1011\"><br data-start=\"476\" data-end=\"479\" \/><strong data-start=\"479\" data-end=\"499\">Idioma original:<\/strong> Espa\u00f1ol<\/p>\n<p data-start=\"199\" data-end=\"1011\"><br data-start=\"539\" data-end=\"542\" \/><strong data-start=\"542\" data-end=\"554\">Formato:<\/strong> Digital \/ DCP \/ Color \/ Dolby 5.1<\/p>\n<p data-start=\"199\" data-end=\"1011\"><br data-start=\"588\" data-end=\"591\" \/><strong data-start=\"591\" data-end=\"612\">Fecha de estreno:<\/strong> Junio 18 de 2024<\/p>\n<p data-start=\"199\" data-end=\"1011\"><br data-start=\"629\" data-end=\"632\" \/><strong data-start=\"632\" data-end=\"647\">Producci\u00f3n:<\/strong> Cris\u00e1lida Cine<\/p>\n<p data-start=\"199\" data-end=\"1011\"><br data-start=\"662\" data-end=\"665\" \/><strong data-start=\"665\" data-end=\"681\">Productores:<\/strong> Laura Mu\u00f1oz, Tiagx V\u00e9lez, Juliana Zuluaga Montoya<\/p>\n<p data-start=\"199\" data-end=\"1011\"><br data-start=\"731\" data-end=\"734\" \/><strong data-start=\"734\" data-end=\"760\">Productores asociados:<\/strong> Bruma Cine<\/p>\n<p data-start=\"199\" data-end=\"1011\"><br data-start=\"771\" data-end=\"774\" \/><strong data-start=\"774\" data-end=\"790\">Coproductor:<\/strong> Archipi\u00e9lago Sonoro<\/p>\n<p data-start=\"199\" data-end=\"1011\"><br data-start=\"810\" data-end=\"813\" \/><strong data-start=\"813\" data-end=\"841\">Direcci\u00f3n de fotograf\u00eda:<\/strong> David Correa, Jairo Mart\u00ednez<\/p>\n<p data-start=\"199\" data-end=\"1011\"><br data-start=\"870\" data-end=\"873\" \/><strong data-start=\"873\" data-end=\"895\">Direcci\u00f3n de arte:<\/strong> Juanita Salamanca, Daniela Pineda, Daniel Rinc\u00f3n<\/p>\n<p data-start=\"199\" data-end=\"1011\"><br data-start=\"944\" data-end=\"947\" \/><strong data-start=\"947\" data-end=\"968\">Dise\u00f1o de sonido:<\/strong> Abel Villa (Direcci\u00f3n de sonido), Deimer Quintero (Direcci\u00f3n de sonido)<\/p>\n<p data-start=\"199\" data-end=\"1011\"><br data-start=\"1040\" data-end=\"1043\" \/><strong data-start=\"1043\" data-end=\"1055\">Montaje:<\/strong> Juliana Zuluaga Montoya, Tiagx V\u00e9lez, Anal\u00fa Laferal, Daniel Cort\u00e9s<\/p>\n<p data-start=\"199\" data-end=\"1011\">[\/et_pb_text][\/et_pb_column][et_pb_column type=&#8221;1_2&#8243; _builder_version=&#8221;4.27.4&#8243; _module_preset=&#8221;default&#8221; global_colors_info=&#8221;{}&#8221;][et_pb_video src=&#8221;https:\/\/www.youtube.com\/watch?v=A0I7r6UsLDE&#8221; _builder_version=&#8221;4.27.4&#8243; _module_preset=&#8221;default&#8221; global_colors_info=&#8221;{}&#8221;][\/et_pb_video][et_pb_text _builder_version=&#8221;4.27.4&#8243; _module_preset=&#8221;default&#8221; text_font=&#8221;&#8211;et_global_body_font|800|||||||&#8221; text_text_color=&#8221;gcid-c67e4c14-9f9a-4541-bcfb-a3dbe227e267&#8243; global_colors_info=&#8221;{%22gcid-c67e4c14-9f9a-4541-bcfb-a3dbe227e267%22:%91%22text_text_color%22%93}&#8221;]<\/p>\n<p>PROTAGONISTAS<\/p>\n<p>Anal\u00fa Laferal<\/p>\n<p>Tiagx V\u00e9lez<\/p>\n<p>Ismael Garc\u00eda Ramirez<\/p>\n<p>&nbsp;<\/p>\n<p>[\/et_pb_text][\/et_pb_column][\/et_pb_row][et_pb_row _builder_version=&#8221;4.27.4&#8243; _module_preset=&#8221;default&#8221; global_colors_info=&#8221;{}&#8221;][et_pb_column type=&#8221;4_4&#8243; _builder_version=&#8221;4.27.4&#8243; _module_preset=&#8221;default&#8221; global_colors_info=&#8221;{}&#8221;][et_pb_button button_url=&#8221;https:\/\/lasurrealfilmfestival.com\/posters-oficial-2025\/&#8221; button_text=&#8221;Volver a la Selecci\u00f3n&#8221; _builder_version=&#8221;4.27.4&#8243; _module_preset=&#8221;default&#8221; custom_css_free_form=&#8221;<a href=%22\/posters-oficial-2025\/%22 class=%22volver-boton%22>\u2190 Volver a la selecci\u00f3n<\/a>||||<\/p>\n<style>||.volver-boton {||  display: inline-block;||  background-color: #000;       \/* Color de fondo *\/||  color: #fff;                  \/* Color del texto *\/||  padding: 10px 20px;||  border-radius: 30px;||  text-decoration: none;||  font-weight: 600;||  transition: background-color 0.3s ease;||  margin-top: 20px;             \/* Espacio superior *\/||}||||.volver-boton:hover {||  background-color: #444;       \/* Color al pasar el mouse *\/||}||<\/style>\n<p>&#8221; global_colors_info=&#8221;{}&#8221;][\/et_pb_button][\/et_pb_column][\/et_pb_row][\/et_pb_section][et_pb_section fb_built=&#8221;1&#8243; _builder_version=&#8221;4.27.4&#8243; _module_preset=&#8221;default&#8221; global_colors_info=&#8221;{}&#8221;][et_pb_row column_structure=&#8221;1_3,1_3,1_3&#8243; _builder_version=&#8221;4.27.4&#8243; _module_preset=&#8221;default&#8221; global_colors_info=&#8221;{}&#8221;][et_pb_column type=&#8221;1_3&#8243; _builder_version=&#8221;4.27.4&#8243; _module_preset=&#8221;default&#8221; global_colors_info=&#8221;{}&#8221;][et_pb_code _builder_version=&#8221;4.27.4&#8243; _module_preset=&#8221;default&#8221; custom_margin=&#8221;11px|-4px|-33px|68px|false|false&#8221; custom_padding=&#8221;1px||0px|1px|false|false&#8221; global_colors_info=&#8221;{}&#8221;]<a href=\"mailto:lasurrealfestival@gmail.com\" <!-- [et_pb_line_break_holder] -->   title=&#8221;Escr\u00edbenos&#8221; <!-- [et_pb_line_break_holder] -->   style=&#8221;display:inline-block;<!-- [et_pb_line_break_holder] -->          background:#D93025;<!-- [et_pb_line_break_holder] -->          color:#fff;<!-- [et_pb_line_break_holder] -->          width:36px;<!-- [et_pb_line_break_holder] -->          height:36px;<!-- [et_pb_line_break_holder] -->          text-align:center;<!-- [et_pb_line_break_holder] -->          line-height:36px;<!-- [et_pb_line_break_holder] -->          border-radius:50%;<!-- [et_pb_line_break_holder] -->          font-size:18px;<!-- [et_pb_line_break_holder] -->          text-decoration:none;<!-- [et_pb_line_break_holder] -->          margin-left:8px;&#8221;><!-- [et_pb_line_break_holder] -->  \u2709\ufe0f<!-- [et_pb_line_break_holder] --><\/a>[\/et_pb_code][et_pb_social_media_follow _builder_version=&#8221;4.27.4&#8243; _module_preset=&#8221;default&#8221; global_colors_info=&#8221;{}&#8221;][et_pb_social_media_follow_network social_network=&#8221;facebook&#8221; url=&#8221;https:\/\/www.facebook.com\/lasurrealfilmfestival&#8221; _builder_version=&#8221;4.27.4&#8243; _module_preset=&#8221;default&#8221; background_color=&#8221;#3b5998&#8243; global_colors_info=&#8221;{}&#8221; follow_button=&#8221;off&#8221; url_new_window=&#8221;on&#8221;]facebook[\/et_pb_social_media_follow_network][et_pb_social_media_follow_network social_network=&#8221;instagram&#8221; url=&#8221;https:\/\/www.instagram.com\/lasurrealfilmfestival\/&#8221; _builder_version=&#8221;4.27.4&#8243; _module_preset=&#8221;default&#8221; background_color=&#8221;#ea2c59&#8243; global_colors_info=&#8221;{}&#8221; follow_button=&#8221;off&#8221; url_new_window=&#8221;on&#8221;]instagram[\/et_pb_social_media_follow_network][\/et_pb_social_media_follow][\/et_pb_column][et_pb_column type=&#8221;1_3&#8243; _builder_version=&#8221;4.27.4&#8243; _module_preset=&#8221;default&#8221; global_colors_info=&#8221;{}&#8221;][et_pb_code _builder_version=&#8221;4.27.4&#8243; _module_preset=&#8221;default&#8221; global_colors_info=&#8221;{}&#8221;][\/et_pb_code][\/et_pb_column][et_pb_column type=&#8221;1_3&#8243; _builder_version=&#8221;4.27.4&#8243; _module_preset=&#8221;default&#8221; global_colors_info=&#8221;{}&#8221;][et_pb_image src=&#8221;https:\/\/lasurrealfilmfestival.com\/wp-content\/uploads\/2024\/12\/Curare_raw.png&#8221; title_text=&#8221;Curare_raw&#8221; url=&#8221;http:\/\/kunstrial.org\/curare-podcast\/&#8221; url_new_window=&#8221;on&#8221; _builder_version=&#8221;4.27.4&#8243; _module_preset=&#8221;default&#8221; width=&#8221;68%&#8221; global_colors_info=&#8221;{}&#8221;][\/et_pb_image][et_pb_code _builder_version=&#8221;4.27.4&#8243; _module_preset=&#8221;default&#8221; width=&#8221;75%&#8221; global_colors_info=&#8221;{}&#8221;]<\/p>\n<style><!-- [et_pb_line_break_holder] -->  .curare-neon {<!-- [et_pb_line_break_holder] -->    display:flex; flex-direction:column; align-items:center; gap:.25rem;<!-- [et_pb_line_break_holder] -->    text-align:center; line-height:1; user-select:none;<!-- [et_pb_line_break_holder] -->  }<!-- [et_pb_line_break_holder] --><!-- [et_pb_line_break_holder] -->  :root{<!-- [et_pb_line_break_holder] -->    --curare-orange:#FF7A45;<!-- [et_pb_line_break_holder] -->    --curare-coral:#FF5E57;<!-- [et_pb_line_break_holder] -->    --curare-cream:#F5E6CF;<!-- [et_pb_line_break_holder] -->    --curare-teal:#2FBDB6;<!-- [et_pb_line_break_holder] -->    --glow: rgba(255,122,69,.45);<!-- [et_pb_line_break_holder] -->    --glow-teal: rgba(47,189,182,.35);<!-- [et_pb_line_break_holder] -->  }<!-- [et_pb_line_break_holder] --><!-- [et_pb_line_break_holder] -->  .curare-neon .title {<!-- [et_pb_line_break_holder] -->    font-family: \"Poppins\", system-ui, -apple-system, Segoe UI, Roboto, sans-serif;<!-- [et_pb_line_break_holder] -->    font-weight: 700;<!-- [et_pb_line_break_holder] -->    letter-spacing: .14em;<!-- [et_pb_line_break_holder] -->    text-transform: uppercase;<!-- [et_pb_line_break_holder] -->    font-size: clamp(20px, 3.5vw, 34px);<!-- [et_pb_line_break_holder] -->    background: linear-gradient(90deg, var(--curare-orange), var(--curare-cream), var(--curare-teal), var(--curare-orange));<!-- [et_pb_line_break_holder] -->    -webkit-background-clip: text;<!-- [et_pb_line_break_holder] -->    background-clip: text;<!-- [et_pb_line_break_holder] -->    color: transparent;<!-- [et_pb_line_break_holder] -->    text-shadow:<!-- [et_pb_line_break_holder] -->      0 0 4px var(--glow),<!-- [et_pb_line_break_holder] -->      0 0 10px var(--glow-teal);<!-- [et_pb_line_break_holder] -->    filter: drop-shadow(0 0 4px rgba(255,255,255,.08));<!-- [et_pb_line_break_holder] -->    animation: curare-glow 3s ease-in-out infinite alternate;<!-- [et_pb_line_break_holder] -->  }<!-- [et_pb_line_break_holder] --><!-- [et_pb_line_break_holder] -->  .curare-neon .tag {<!-- [et_pb_line_break_holder] -->    font-family: \"Poppins\", system-ui, -apple-system, Segoe UI, Roboto, sans-serif;<!-- [et_pb_line_break_holder] -->    font-weight: 500;<!-- [et_pb_line_break_holder] -->    letter-spacing: .1em;<!-- [et_pb_line_break_holder] -->    font-size: clamp(10px, 1.2vw, 13px);<!-- [et_pb_line_break_holder] -->    color: #0B1216;<!-- [et_pb_line_break_holder] -->    padding: .35rem .8rem;<!-- [et_pb_line_break_holder] -->    border-radius: 999px;<!-- [et_pb_line_break_holder] -->    background:<!-- [et_pb_line_break_holder] -->      radial-gradient(100% 100% at 50% 0%, #ffffff 0%, #ffffffc7 40%, #ffffff99 60%, #ffffff22 100%),<!-- [et_pb_line_break_holder] -->      linear-gradient(90deg, var(--curare-coral), var(--curare-orange), var(--curare-teal));<!-- [et_pb_line_break_holder] -->    box-shadow:<!-- [et_pb_line_break_holder] -->      0 0 4px var(--glow),<!-- [et_pb_line_break_holder] -->      0 0 10px var(--glow-teal),<!-- [et_pb_line_break_holder] -->      inset 0 0 4px #ffffff80;<!-- [et_pb_line_break_holder] -->  }<!-- [et_pb_line_break_holder] --><!-- [et_pb_line_break_holder] -->  @keyframes curare-glow {<!-- [et_pb_line_break_holder] -->    0% {<!-- [et_pb_line_break_holder] -->      text-shadow:<!-- [et_pb_line_break_holder] -->        0 0 3px var(--glow),<!-- [et_pb_line_break_holder] -->        0 0 8px var(--glow-teal);<!-- [et_pb_line_break_holder] -->      transform: translateY(0);<!-- [et_pb_line_break_holder] -->    }<!-- [et_pb_line_break_holder] -->    100% {<!-- [et_pb_line_break_holder] -->      text-shadow:<!-- [et_pb_line_break_holder] -->        0 0 6px var(--glow),<!-- [et_pb_line_break_holder] -->        0 0 14px var(--glow-teal);<!-- [et_pb_line_break_holder] -->      transform: translateY(-1px);<!-- [et_pb_line_break_holder] -->    }<!-- [et_pb_line_break_holder] -->  }<!-- [et_pb_line_break_holder] --><\/style>\n<p><!-- [et_pb_line_break_holder] --><!-- [et_pb_line_break_holder] --><\/p>\n<div class=\"curare-neon\"><!-- [et_pb_line_break_holder] -->  <\/p>\n<div class=\"title\">CURARE<\/div>\n<p><!-- [et_pb_line_break_holder] -->  <\/p>\n<div class=\"tag\">podcast<\/div>\n<p><!-- [et_pb_line_break_holder] --><\/div>\n<p>[\/et_pb_code][et_pb_code _builder_version=&#8221;4.27.4&#8243; _module_preset=&#8221;default&#8221; global_colors_info=&#8221;{}&#8221;][\/et_pb_code][\/et_pb_column][\/et_pb_row][\/et_pb_section]<\/p>\n","protected":false},"excerpt":{"rendered":"<p>&nbsp; Direcci\u00f3n: Tiagx V\u00e9lez, Juliana Zuluaga, Anal\u00fa Laferal Pa\u00eds: Colombia A\u00f1o: 2024 Duraci\u00f3n: 71 min Idioma: Espa\u00f1olDespu\u00e9s de atravesar el cosmos viajando al interior de g\u00e9lidas rocas de hielo, una nueva especie cambia el rumbo del planeta azul, cuando millones de estas impactan en la vastedad de la Tierra. Una pel\u00edcula mutante y capitular, que [&hellip;]<\/p>\n","protected":false},"author":1,"featured_media":0,"parent":0,"menu_order":0,"comment_status":"closed","ping_status":"closed","template":"","meta":{"_et_pb_use_builder":"on","_et_pb_old_content":"","_et_gb_content_width":"","footnotes":""},"class_list":["post-5109","page","type-page","status-publish","hentry"],"_links":{"self":[{"href":"https:\/\/lasurrealfilmfestival.com\/en\/wp-json\/wp\/v2\/pages\/5109","targetHints":{"allow":["GET"]}}],"collection":[{"href":"https:\/\/lasurrealfilmfestival.com\/en\/wp-json\/wp\/v2\/pages"}],"about":[{"href":"https:\/\/lasurrealfilmfestival.com\/en\/wp-json\/wp\/v2\/types\/page"}],"author":[{"embeddable":true,"href":"https:\/\/lasurrealfilmfestival.com\/en\/wp-json\/wp\/v2\/users\/1"}],"replies":[{"embeddable":true,"href":"https:\/\/lasurrealfilmfestival.com\/en\/wp-json\/wp\/v2\/comments?post=5109"}],"version-history":[{"count":5,"href":"https:\/\/lasurrealfilmfestival.com\/en\/wp-json\/wp\/v2\/pages\/5109\/revisions"}],"predecessor-version":[{"id":5217,"href":"https:\/\/lasurrealfilmfestival.com\/en\/wp-json\/wp\/v2\/pages\/5109\/revisions\/5217"}],"wp:attachment":[{"href":"https:\/\/lasurrealfilmfestival.com\/en\/wp-json\/wp\/v2\/media?parent=5109"}],"curies":[{"name":"wp","href":"https:\/\/api.w.org\/{rel}","templated":true}]}}