{"id":5181,"date":"2025-10-29T21:58:38","date_gmt":"2025-10-29T21:58:38","guid":{"rendered":"https:\/\/lasurrealfilmfestival.com\/?page_id=5181"},"modified":"2026-01-12T20:20:08","modified_gmt":"2026-01-12T20:20:08","slug":"estimados-senores","status":"publish","type":"page","link":"https:\/\/lasurrealfilmfestival.com\/en\/estimados-senores\/","title":{"rendered":"Estimados Se\u00f1ores"},"content":{"rendered":"<p>[et_pb_section fb_built=&#8221;1&#8243; _builder_version=&#8221;4.27.4&#8243; _module_preset=&#8221;default&#8221;][et_pb_row column_structure=&#8221;1_2,1_2&#8243; _builder_version=&#8221;4.27.4&#8243; _module_preset=&#8221;default&#8221; global_colors_info=&#8221;{}&#8221;][et_pb_column type=&#8221;1_2&#8243; _builder_version=&#8221;4.27.4&#8243; _module_preset=&#8221;default&#8221; global_colors_info=&#8221;{}&#8221;][et_pb_image src=&#8221;https:\/\/lasurrealfilmfestival.com\/wp-content\/uploads\/2025\/10\/Screenshot-2025-10-29-at-22.29.34-1.png&#8221; title_text=&#8221;Estimados Se\u00f1ores&#8221; _builder_version=&#8221;4.27.4&#8243; _module_preset=&#8221;default&#8221; global_colors_info=&#8221;{}&#8221;][\/et_pb_image][\/et_pb_column][et_pb_column type=&#8221;1_2&#8243; _builder_version=&#8221;4.27.4&#8243; _module_preset=&#8221;default&#8221; global_colors_info=&#8221;{}&#8221;][et_pb_text _builder_version=&#8221;4.27.4&#8243; _module_preset=&#8221;default&#8221; text_font=&#8221;Playfair Display|800|||||||&#8221; text_text_color=&#8221;gcid-c67e4c14-9f9a-4541-bcfb-a3dbe227e267&#8243; global_colors_info=&#8221;{%22gcid-c67e4c14-9f9a-4541-bcfb-a3dbe227e267%22:%91%22text_text_color%22%93}&#8221;]<\/p>\n<h1><\/h1>\n<p>&nbsp;<\/p>\n<p><strong><\/strong><\/p>\n<p><strong><\/strong><\/p>\n<p><strong><\/strong><\/p>\n<p><strong><\/strong><\/p>\n<p><strong><\/strong><\/p>\n<p><strong><\/strong><\/p>\n<p><strong><\/strong><\/p>\n<p><strong><\/strong><\/p>\n<p><strong><\/strong><\/p>\n<p><strong>Direcci\u00f3n:<\/strong> <span>Patricia Casta<\/span><span>\u00f1eda<\/span><\/p>\n<p><strong>Pa\u00eds:<\/strong> Colombia<\/p>\n<p><strong>A\u00f1o:<\/strong> 2024<\/p>\n<p><strong>Duraci\u00f3n:<\/strong> 98 min<\/p>\n<p><strong>Idioma:<\/strong> Espa\u00f1ol<\/p>\n<p>[\/et_pb_text][\/et_pb_column][\/et_pb_row][\/et_pb_section][et_pb_section fb_built=&#8221;1&#8243; _builder_version=&#8221;4.27.4&#8243; _module_preset=&#8221;default&#8221;][et_pb_row _builder_version=&#8221;4.27.4&#8243; _module_preset=&#8221;default&#8221; global_colors_info=&#8221;{}&#8221;][et_pb_column type=&#8221;4_4&#8243; _builder_version=&#8221;4.27.4&#8243; _module_preset=&#8221;default&#8221; global_colors_info=&#8221;{}&#8221;][et_pb_text _builder_version=&#8221;4.27.4&#8243; _module_preset=&#8221;default&#8221; text_font=&#8221;&#8211;et_global_body_font|800|||||||&#8221; text_text_color=&#8221;gcid-c67e4c14-9f9a-4541-bcfb-a3dbe227e267&#8243; min_height=&#8221;255px&#8221; global_colors_info=&#8221;{%22gcid-c67e4c14-9f9a-4541-bcfb-a3dbe227e267%22:%91%22text_text_color%22%93}&#8221;]<\/p>\n<p><span>Estimados Se\u00f1ores\u00a0arroja luz sobre el poco conocido movimiento sufragista en Colombia. Ambientada en 1954, la pel\u00edcula sigue a Esmeralda Arboleda, una l\u00edder ferozmente inteligente, que enciende una revoluci\u00f3n en una sociedad arraigada en tradiciones patriarcales, que culmina en un encarnizado y decisivo debate. Un grupo de mujeres se embarcan en una lucha hist\u00f3rica para llevar el derecho de voto femenino a la Asamblea Nacional Constituyente. Con marchas audaces, apariciones en radio y una brillante estrategia medi\u00e1tica, que las coloca en primera plana, logran su objetivo, pero el verdadero desaf\u00edo comienza en el debate, donde enfrentan una feroz oposici\u00f3n. Esmeralda Arboleda, debe soportar ataques personales por parte de los asamble\u00edstas, y justo cuando est\u00e1 por intervenir recibe una llamada desgarradora: su hijo ha sufrido un grave accidente. Se debate entre su deber como madre y su compromiso con la causa, con un resultado no favorable. Aunque parece que todo est\u00e1 perdido, su perseverancia lleva a una victoria hist\u00f3rica cuando finalmente se aprueba el voto femenino, marcando un antes y un despu\u00e9s en la historia de Colombia.<\/span><\/p>\n<p>[\/et_pb_text][\/et_pb_column][\/et_pb_row][\/et_pb_section][et_pb_section fb_built=&#8221;1&#8243; _builder_version=&#8221;4.27.4&#8243; _module_preset=&#8221;default&#8221;][et_pb_row _builder_version=&#8221;4.27.4&#8243; _module_preset=&#8221;default&#8221; hover_enabled=&#8221;0&#8243; global_colors_info=&#8221;{}&#8221; sticky_enabled=&#8221;0&#8243;][et_pb_column type=&#8221;4_4&#8243; _builder_version=&#8221;4.27.4&#8243; _module_preset=&#8221;default&#8221; global_colors_info=&#8221;{}&#8221;][et_pb_gallery gallery_ids=&#8221;5179,5178,5170,5169&#8243; gallery_orderby=&#8221;rand&#8221; show_title_and_caption=&#8221;off&#8221; show_pagination=&#8221;off&#8221; _builder_version=&#8221;4.27.4&#8243; _module_preset=&#8221;default&#8221; hover_enabled=&#8221;0&#8243; global_colors_info=&#8221;{}&#8221; sticky_enabled=&#8221;0&#8243;][\/et_pb_gallery][\/et_pb_column][\/et_pb_row][\/et_pb_section][et_pb_section fb_built=&#8221;1&#8243; _builder_version=&#8221;4.27.4&#8243; _module_preset=&#8221;default&#8221; global_colors_info=&#8221;{}&#8221;][et_pb_row _builder_version=&#8221;4.27.4&#8243; _module_preset=&#8221;default&#8221; global_colors_info=&#8221;{}&#8221;][et_pb_column type=&#8221;4_4&#8243; _builder_version=&#8221;4.27.4&#8243; _module_preset=&#8221;default&#8221; global_colors_info=&#8221;{}&#8221;][et_pb_text _builder_version=&#8221;4.27.4&#8243; _module_preset=&#8221;default&#8221; text_font=&#8221;Playfair Display|800|||||||&#8221; text_text_color=&#8221;gcid-c67e4c14-9f9a-4541-bcfb-a3dbe227e267&#8243; global_colors_info=&#8221;{%22gcid-c67e4c14-9f9a-4541-bcfb-a3dbe227e267%22:%91%22text_text_color%22%93}&#8221;]<\/p>\n<p>Ficha T\u00e9cnica<\/p>\n<p>[\/et_pb_text][\/et_pb_column][\/et_pb_row][et_pb_row column_structure=&#8221;1_2,1_2&#8243; _builder_version=&#8221;4.27.4&#8243; _module_preset=&#8221;default&#8221; global_colors_info=&#8221;{}&#8221;][et_pb_column type=&#8221;1_2&#8243; _builder_version=&#8221;4.27.4&#8243; _module_preset=&#8221;default&#8221; global_colors_info=&#8221;{}&#8221;][et_pb_text _builder_version=&#8221;4.27.4&#8243; _module_preset=&#8221;default&#8221; text_font=&#8221;&#8211;et_global_body_font|800|||||||&#8221; text_text_color=&#8221;gcid-c67e4c14-9f9a-4541-bcfb-a3dbe227e267&#8243; global_colors_info=&#8221;{%22gcid-c67e4c14-9f9a-4541-bcfb-a3dbe227e267%22:%91%22text_text_color%22%93}&#8221;]<\/p>\n<p data-start=\"232\" data-end=\"278\"><strong data-start=\"338\" data-end=\"352\">Direcci\u00f3n:<\/strong> Patricia Casta\u00f1eda<\/p>\n<p data-start=\"232\" data-end=\"278\"><br data-start=\"371\" data-end=\"374\" \/><strong data-start=\"374\" data-end=\"384\">Guion:<\/strong> Patricia Casta\u00f1eda<\/p>\n<p data-start=\"232\" data-end=\"278\"><br data-start=\"403\" data-end=\"406\" \/><strong data-start=\"406\" data-end=\"415\">Pa\u00eds:<\/strong> Colombia<\/p>\n<p data-start=\"232\" data-end=\"278\"><br data-start=\"424\" data-end=\"427\" \/><strong data-start=\"427\" data-end=\"435\" data-is-only-node=\"\">A\u00f1o:<\/strong> 2024<\/p>\n<p data-start=\"232\" data-end=\"278\"><br data-start=\"440\" data-end=\"443\" \/><strong data-start=\"443\" data-end=\"456\">Duraci\u00f3n:<\/strong> 98 minutos<\/p>\n<p data-start=\"232\" data-end=\"278\"><br data-start=\"467\" data-end=\"470\" \/><strong data-start=\"470\" data-end=\"490\">Idioma original:<\/strong> Espa\u00f1ol<\/p>\n<p data-start=\"232\" data-end=\"278\"><br data-start=\"498\" data-end=\"501\" \/><strong data-start=\"501\" data-end=\"512\">G\u00e9nero:<\/strong> Ficci\u00f3n \/ Drama<\/p>\n<p data-start=\"232\" data-end=\"278\"><br data-start=\"528\" data-end=\"531\" \/><strong data-start=\"531\" data-end=\"546\">Fotograf\u00eda:<\/strong> Sergio Garc\u00eda Moreno<\/p>\n<p data-start=\"232\" data-end=\"278\"><br data-start=\"567\" data-end=\"570\" \/><strong data-start=\"570\" data-end=\"582\">Montaje:<\/strong> <em data-start=\"583\" data-end=\"602\">(no especificado)<\/em><\/p>\n<p data-start=\"232\" data-end=\"278\"><br data-start=\"602\" data-end=\"605\" \/><strong data-start=\"605\" data-end=\"620\">Producci\u00f3n:<\/strong> El Circo Film, \u00c1gora Films<\/p>\n<p data-start=\"232\" data-end=\"278\"><br data-start=\"647\" data-end=\"650\" \/><strong data-start=\"650\" data-end=\"666\">Productores:<\/strong> Patricia Casta\u00f1eda, \u00c1lvaro Guti\u00e9rrez<\/p>\n<p data-start=\"232\" data-end=\"278\"><br data-start=\"703\" data-end=\"706\" \/><strong data-start=\"706\" data-end=\"730\">Productor Ejecutivo:<\/strong> \u00c1lvaro Guti\u00e9rrez<\/p>\n<p data-start=\"232\" data-end=\"278\"><br data-start=\"747\" data-end=\"750\" \/><strong data-start=\"750\" data-end=\"775\">Dise\u00f1o de Producci\u00f3n:<\/strong> Diana Trujillo<\/p>\n<p data-start=\"232\" data-end=\"278\"><br data-start=\"790\" data-end=\"793\" \/><strong data-start=\"793\" data-end=\"807\">Vestuario:<\/strong> Carmen Latorre<\/p>\n<p data-start=\"232\" data-end=\"278\"><br data-start=\"822\" data-end=\"825\" \/><strong data-start=\"825\" data-end=\"844\">Sonido Directo:<\/strong> Diego Rodr\u00edguez<\/p>\n<p data-start=\"232\" data-end=\"278\"><br data-start=\"860\" data-end=\"863\" \/><strong data-start=\"863\" data-end=\"886\">Formato de captura:<\/strong> Digital 4K<\/p>\n<p data-start=\"232\" data-end=\"278\"><br data-start=\"897\" data-end=\"900\" \/><strong data-start=\"900\" data-end=\"926\">Formato de proyecci\u00f3n:<\/strong> DCP<\/p>\n<p data-start=\"232\" data-end=\"278\"><br data-start=\"930\" data-end=\"933\" \/><strong data-start=\"933\" data-end=\"943\">Color:<\/strong> Color<\/p>\n<p data-start=\"232\" data-end=\"278\"><br data-start=\"949\" data-end=\"952\" \/><strong data-start=\"952\" data-end=\"963\">Sonido:<\/strong> Dolby 5.1<\/p>\n<p data-start=\"232\" data-end=\"278\"><br data-start=\"973\" data-end=\"976\" \/><strong data-start=\"976\" data-end=\"988\">Metraje:<\/strong> Largometraje<\/p>\n<p data-start=\"232\" data-end=\"278\"><br data-start=\"1001\" data-end=\"1004\" \/><strong data-start=\"1004\" data-end=\"1014\">Etapa:<\/strong> Estreno Nacional<\/p>\n<p data-start=\"232\" data-end=\"278\"><br data-start=\"1031\" data-end=\"1034\" \/><strong data-start=\"1034\" data-end=\"1051\">Nacionalidad:<\/strong> Colombia<\/p>\n<p data-start=\"232\" data-end=\"278\"><br data-start=\"1060\" data-end=\"1063\" \/><strong data-start=\"1063\" data-end=\"1084\">Fecha de estreno:<\/strong> 28 de noviembre de 2024<\/p>\n<p>[\/et_pb_text][\/et_pb_column][et_pb_column type=&#8221;1_2&#8243; _builder_version=&#8221;4.27.4&#8243; _module_preset=&#8221;default&#8221; global_colors_info=&#8221;{}&#8221;][et_pb_video src=&#8221;https:\/\/lasurrealfilmfestival.com\/wp-content\/uploads\/2025\/10\/EstimadosSenores.mp4&#8243; _builder_version=&#8221;4.27.4&#8243; _module_preset=&#8221;default&#8221; global_colors_info=&#8221;{}&#8221;][\/et_pb_video][et_pb_text _builder_version=&#8221;4.27.4&#8243; _module_preset=&#8221;default&#8221; text_text_color=&#8221;gcid-b7f06a10-4d36-4163-b049-62314b9050fc&#8221; global_colors_info=&#8221;{%22gcid-b7f06a10-4d36-4163-b049-62314b9050fc%22:%91%22text_text_color%22%93}&#8221;]<\/p>\n<p>PROTAGONISTAS<\/p>\n<p>Julieth Restrepo<br data-start=\"115\" data-end=\"118\" \/>Paula Casta\u00f1o<br data-start=\"131\" data-end=\"134\" \/>Marcela Mar<br data-start=\"145\" data-end=\"148\" \/>B\u00e1rbara Perea<br data-start=\"161\" data-end=\"164\" \/>Victoria Ortiz<br data-start=\"178\" data-end=\"181\" \/>Claudio Cata\u00f1o<br data-start=\"195\" data-end=\"198\" \/>Elkin D\u00edaz<br data-start=\"208\" data-end=\"211\" \/>Pedro Mogoll\u00f3n<br data-start=\"225\" data-end=\"228\" \/>Jacques Toukhamnian<br data-start=\"247\" data-end=\"250\" \/>Walther Luengas<\/p>\n<p>[\/et_pb_text][\/et_pb_column][\/et_pb_row][et_pb_row _builder_version=&#8221;4.27.4&#8243; _module_preset=&#8221;default&#8221; global_colors_info=&#8221;{}&#8221;][et_pb_column type=&#8221;4_4&#8243; _builder_version=&#8221;4.27.4&#8243; _module_preset=&#8221;default&#8221; global_colors_info=&#8221;{}&#8221;][et_pb_button button_url=&#8221;https:\/\/lasurrealfilmfestival.com\/posters-oficial-2025\/&#8221; button_text=&#8221;Volver a la Selecci\u00f3n&#8221; _builder_version=&#8221;4.27.4&#8243; _module_preset=&#8221;default&#8221; custom_css_free_form=&#8221;<a href=%22\/posters-oficial-2025\/%22 class=%22volver-boton%22>\u2190 Volver a la selecci\u00f3n<\/a>||||<\/p>\n<style>||.volver-boton {||  display: inline-block;||  background-color: #000;       \/* Color de fondo *\/||  color: #fff;                  \/* Color del texto *\/||  padding: 10px 20px;||  border-radius: 30px;||  text-decoration: none;||  font-weight: 600;||  transition: background-color 0.3s ease;||  margin-top: 20px;             \/* Espacio superior *\/||}||||.volver-boton:hover {||  background-color: #444;       \/* Color al pasar el mouse *\/||}||<\/style>\n<p>&#8221; global_colors_info=&#8221;{}&#8221;][\/et_pb_button][\/et_pb_column][\/et_pb_row][\/et_pb_section][et_pb_section fb_built=&#8221;1&#8243; _builder_version=&#8221;4.27.4&#8243; _module_preset=&#8221;default&#8221; global_colors_info=&#8221;{}&#8221;][et_pb_row column_structure=&#8221;1_3,1_3,1_3&#8243; _builder_version=&#8221;4.27.4&#8243; _module_preset=&#8221;default&#8221; global_colors_info=&#8221;{}&#8221;][et_pb_column type=&#8221;1_3&#8243; _builder_version=&#8221;4.27.4&#8243; _module_preset=&#8221;default&#8221; global_colors_info=&#8221;{}&#8221;][et_pb_code _builder_version=&#8221;4.27.4&#8243; _module_preset=&#8221;default&#8221; custom_margin=&#8221;11px|-4px|-33px|68px|false|false&#8221; custom_padding=&#8221;1px||0px|1px|false|false&#8221; global_colors_info=&#8221;{}&#8221;]<a href=\"mailto:lasurrealfestival@gmail.com\" <!-- [et_pb_line_break_holder] -->   title=&#8221;Escr\u00edbenos&#8221; <!-- [et_pb_line_break_holder] -->   style=&#8221;display:inline-block;<!-- [et_pb_line_break_holder] -->          background:#D93025;<!-- [et_pb_line_break_holder] -->          color:#fff;<!-- [et_pb_line_break_holder] -->          width:36px;<!-- [et_pb_line_break_holder] -->          height:36px;<!-- [et_pb_line_break_holder] -->          text-align:center;<!-- [et_pb_line_break_holder] -->          line-height:36px;<!-- [et_pb_line_break_holder] -->          border-radius:50%;<!-- [et_pb_line_break_holder] -->          font-size:18px;<!-- [et_pb_line_break_holder] -->          text-decoration:none;<!-- [et_pb_line_break_holder] -->          margin-left:8px;&#8221;><!-- [et_pb_line_break_holder] -->  \u2709\ufe0f<!-- [et_pb_line_break_holder] --><\/a>[\/et_pb_code][et_pb_social_media_follow _builder_version=&#8221;4.27.4&#8243; _module_preset=&#8221;default&#8221; global_colors_info=&#8221;{}&#8221;][et_pb_social_media_follow_network social_network=&#8221;facebook&#8221; url=&#8221;https:\/\/www.facebook.com\/lasurrealfilmfestival&#8221; _builder_version=&#8221;4.27.4&#8243; _module_preset=&#8221;default&#8221; background_color=&#8221;#3b5998&#8243; global_colors_info=&#8221;{}&#8221; follow_button=&#8221;off&#8221; url_new_window=&#8221;on&#8221;]facebook[\/et_pb_social_media_follow_network][et_pb_social_media_follow_network social_network=&#8221;instagram&#8221; url=&#8221;https:\/\/www.instagram.com\/lasurrealfilmfestival\/&#8221; _builder_version=&#8221;4.27.4&#8243; _module_preset=&#8221;default&#8221; background_color=&#8221;#ea2c59&#8243; global_colors_info=&#8221;{}&#8221; follow_button=&#8221;off&#8221; url_new_window=&#8221;on&#8221;]instagram[\/et_pb_social_media_follow_network][\/et_pb_social_media_follow][\/et_pb_column][et_pb_column type=&#8221;1_3&#8243; _builder_version=&#8221;4.27.4&#8243; _module_preset=&#8221;default&#8221; global_colors_info=&#8221;{}&#8221;][et_pb_code _builder_version=&#8221;4.27.4&#8243; _module_preset=&#8221;default&#8221; global_colors_info=&#8221;{}&#8221;][\/et_pb_code][\/et_pb_column][et_pb_column type=&#8221;1_3&#8243; _builder_version=&#8221;4.27.4&#8243; _module_preset=&#8221;default&#8221; global_colors_info=&#8221;{}&#8221;][et_pb_image src=&#8221;https:\/\/lasurrealfilmfestival.com\/wp-content\/uploads\/2024\/12\/Curare_raw.png&#8221; title_text=&#8221;Curare_raw&#8221; url=&#8221;http:\/\/kunstrial.org\/curare-podcast\/&#8221; url_new_window=&#8221;on&#8221; _builder_version=&#8221;4.27.4&#8243; _module_preset=&#8221;default&#8221; width=&#8221;68%&#8221; global_colors_info=&#8221;{}&#8221;][\/et_pb_image][et_pb_code _builder_version=&#8221;4.27.4&#8243; _module_preset=&#8221;default&#8221; width=&#8221;75%&#8221; global_colors_info=&#8221;{}&#8221;]<\/p>\n<style><!-- [et_pb_line_break_holder] -->  .curare-neon {<!-- [et_pb_line_break_holder] -->    display:flex; flex-direction:column; align-items:center; gap:.25rem;<!-- [et_pb_line_break_holder] -->    text-align:center; line-height:1; user-select:none;<!-- [et_pb_line_break_holder] -->  }<!-- [et_pb_line_break_holder] --><!-- [et_pb_line_break_holder] -->  :root{<!-- [et_pb_line_break_holder] -->    --curare-orange:#FF7A45;<!-- [et_pb_line_break_holder] -->    --curare-coral:#FF5E57;<!-- [et_pb_line_break_holder] -->    --curare-cream:#F5E6CF;<!-- [et_pb_line_break_holder] -->    --curare-teal:#2FBDB6;<!-- [et_pb_line_break_holder] -->    --glow: rgba(255,122,69,.45);<!-- [et_pb_line_break_holder] -->    --glow-teal: rgba(47,189,182,.35);<!-- [et_pb_line_break_holder] -->  }<!-- [et_pb_line_break_holder] --><!-- [et_pb_line_break_holder] -->  .curare-neon .title {<!-- [et_pb_line_break_holder] -->    font-family: \"Poppins\", system-ui, -apple-system, Segoe UI, Roboto, sans-serif;<!-- [et_pb_line_break_holder] -->    font-weight: 700;<!-- [et_pb_line_break_holder] -->    letter-spacing: .14em;<!-- [et_pb_line_break_holder] -->    text-transform: uppercase;<!-- [et_pb_line_break_holder] -->    font-size: clamp(20px, 3.5vw, 34px);<!-- [et_pb_line_break_holder] -->    background: linear-gradient(90deg, var(--curare-orange), var(--curare-cream), var(--curare-teal), var(--curare-orange));<!-- [et_pb_line_break_holder] -->    -webkit-background-clip: text;<!-- [et_pb_line_break_holder] -->    background-clip: text;<!-- [et_pb_line_break_holder] -->    color: transparent;<!-- [et_pb_line_break_holder] -->    text-shadow:<!-- [et_pb_line_break_holder] -->      0 0 4px var(--glow),<!-- [et_pb_line_break_holder] -->      0 0 10px var(--glow-teal);<!-- [et_pb_line_break_holder] -->    filter: drop-shadow(0 0 4px rgba(255,255,255,.08));<!-- [et_pb_line_break_holder] -->    animation: curare-glow 3s ease-in-out infinite alternate;<!-- [et_pb_line_break_holder] -->  }<!-- [et_pb_line_break_holder] --><!-- [et_pb_line_break_holder] -->  .curare-neon .tag {<!-- [et_pb_line_break_holder] -->    font-family: \"Poppins\", system-ui, -apple-system, Segoe UI, Roboto, sans-serif;<!-- [et_pb_line_break_holder] -->    font-weight: 500;<!-- [et_pb_line_break_holder] -->    letter-spacing: .1em;<!-- [et_pb_line_break_holder] -->    font-size: clamp(10px, 1.2vw, 13px);<!-- [et_pb_line_break_holder] -->    color: #0B1216;<!-- [et_pb_line_break_holder] -->    padding: .35rem .8rem;<!-- [et_pb_line_break_holder] -->    border-radius: 999px;<!-- [et_pb_line_break_holder] -->    background:<!-- [et_pb_line_break_holder] -->      radial-gradient(100% 100% at 50% 0%, #ffffff 0%, #ffffffc7 40%, #ffffff99 60%, #ffffff22 100%),<!-- [et_pb_line_break_holder] -->      linear-gradient(90deg, var(--curare-coral), var(--curare-orange), var(--curare-teal));<!-- [et_pb_line_break_holder] -->    box-shadow:<!-- [et_pb_line_break_holder] -->      0 0 4px var(--glow),<!-- [et_pb_line_break_holder] -->      0 0 10px var(--glow-teal),<!-- [et_pb_line_break_holder] -->      inset 0 0 4px #ffffff80;<!-- [et_pb_line_break_holder] -->  }<!-- [et_pb_line_break_holder] --><!-- [et_pb_line_break_holder] -->  @keyframes curare-glow {<!-- [et_pb_line_break_holder] -->    0% {<!-- [et_pb_line_break_holder] -->      text-shadow:<!-- [et_pb_line_break_holder] -->        0 0 3px var(--glow),<!-- [et_pb_line_break_holder] -->        0 0 8px var(--glow-teal);<!-- [et_pb_line_break_holder] -->      transform: translateY(0);<!-- [et_pb_line_break_holder] -->    }<!-- [et_pb_line_break_holder] -->    100% {<!-- [et_pb_line_break_holder] -->      text-shadow:<!-- [et_pb_line_break_holder] -->        0 0 6px var(--glow),<!-- [et_pb_line_break_holder] -->        0 0 14px var(--glow-teal);<!-- [et_pb_line_break_holder] -->      transform: translateY(-1px);<!-- [et_pb_line_break_holder] -->    }<!-- [et_pb_line_break_holder] -->  }<!-- [et_pb_line_break_holder] --><\/style>\n<p><!-- [et_pb_line_break_holder] --><!-- [et_pb_line_break_holder] --><\/p>\n<div class=\"curare-neon\"><!-- [et_pb_line_break_holder] -->  <\/p>\n<div class=\"title\">CURARE<\/div>\n<p><!-- [et_pb_line_break_holder] -->  <\/p>\n<div class=\"tag\">podcast<\/div>\n<p><!-- [et_pb_line_break_holder] --><\/div>\n<p>[\/et_pb_code][et_pb_code _builder_version=&#8221;4.27.4&#8243; _module_preset=&#8221;default&#8221; global_colors_info=&#8221;{}&#8221;][\/et_pb_code][\/et_pb_column][\/et_pb_row][\/et_pb_section]<\/p>\n","protected":false},"excerpt":{"rendered":"<p>&nbsp; Direcci\u00f3n: Patricia Casta\u00f1eda Pa\u00eds: Colombia A\u00f1o: 2024 Duraci\u00f3n: 98 min Idioma: Espa\u00f1olEstimados Se\u00f1ores\u00a0arroja luz sobre el poco conocido movimiento sufragista en Colombia. Ambientada en 1954, la pel\u00edcula sigue a Esmeralda Arboleda, una l\u00edder ferozmente inteligente, que enciende una revoluci\u00f3n en una sociedad arraigada en tradiciones patriarcales, que culmina en un encarnizado y decisivo debate. [&hellip;]<\/p>\n","protected":false},"author":1,"featured_media":0,"parent":0,"menu_order":0,"comment_status":"closed","ping_status":"closed","template":"","meta":{"_et_pb_use_builder":"on","_et_pb_old_content":"","_et_gb_content_width":"","footnotes":""},"class_list":["post-5181","page","type-page","status-publish","hentry"],"_links":{"self":[{"href":"https:\/\/lasurrealfilmfestival.com\/en\/wp-json\/wp\/v2\/pages\/5181","targetHints":{"allow":["GET"]}}],"collection":[{"href":"https:\/\/lasurrealfilmfestival.com\/en\/wp-json\/wp\/v2\/pages"}],"about":[{"href":"https:\/\/lasurrealfilmfestival.com\/en\/wp-json\/wp\/v2\/types\/page"}],"author":[{"embeddable":true,"href":"https:\/\/lasurrealfilmfestival.com\/en\/wp-json\/wp\/v2\/users\/1"}],"replies":[{"embeddable":true,"href":"https:\/\/lasurrealfilmfestival.com\/en\/wp-json\/wp\/v2\/comments?post=5181"}],"version-history":[{"count":6,"href":"https:\/\/lasurrealfilmfestival.com\/en\/wp-json\/wp\/v2\/pages\/5181\/revisions"}],"predecessor-version":[{"id":5464,"href":"https:\/\/lasurrealfilmfestival.com\/en\/wp-json\/wp\/v2\/pages\/5181\/revisions\/5464"}],"wp:attachment":[{"href":"https:\/\/lasurrealfilmfestival.com\/en\/wp-json\/wp\/v2\/media?parent=5181"}],"curies":[{"name":"wp","href":"https:\/\/api.w.org\/{rel}","templated":true}]}}