{"id":5201,"date":"2025-10-29T22:31:02","date_gmt":"2025-10-29T22:31:02","guid":{"rendered":"https:\/\/lasurrealfilmfestival.com\/?page_id=5201"},"modified":"2026-01-12T20:35:01","modified_gmt":"2026-01-12T20:35:01","slug":"la-suprema","status":"publish","type":"page","link":"https:\/\/lasurrealfilmfestival.com\/en\/la-suprema\/","title":{"rendered":"La Suprema"},"content":{"rendered":"<p>[et_pb_section fb_built=&#8221;1&#8243; _builder_version=&#8221;4.27.4&#8243; _module_preset=&#8221;default&#8221; global_colors_info=&#8221;{}&#8221;][et_pb_row column_structure=&#8221;1_2,1_2&#8243; _builder_version=&#8221;4.27.4&#8243; _module_preset=&#8221;default&#8221; global_colors_info=&#8221;{}&#8221;][et_pb_column type=&#8221;1_2&#8243; _builder_version=&#8221;4.27.4&#8243; _module_preset=&#8221;default&#8221; global_colors_info=&#8221;{}&#8221;][et_pb_image src=&#8221;https:\/\/lasurrealfilmfestival.com\/wp-content\/uploads\/2025\/10\/Screenshot-2025-10-29-at-23.39.23.png&#8221; title_text=&#8221;Poster_La Suprema&#8221; _builder_version=&#8221;4.27.4&#8243; _module_preset=&#8221;default&#8221; global_colors_info=&#8221;{}&#8221;][\/et_pb_image][\/et_pb_column][et_pb_column type=&#8221;1_2&#8243; _builder_version=&#8221;4.27.4&#8243; _module_preset=&#8221;default&#8221; global_colors_info=&#8221;{}&#8221;][et_pb_text _builder_version=&#8221;4.27.4&#8243; _module_preset=&#8221;default&#8221; text_font=&#8221;Playfair Display|800|||||||&#8221; text_text_color=&#8221;gcid-c67e4c14-9f9a-4541-bcfb-a3dbe227e267&#8243; global_colors_info=&#8221;{%22gcid-c67e4c14-9f9a-4541-bcfb-a3dbe227e267%22:%91%22text_text_color%22%93}&#8221;]<\/p>\n<h1><\/h1>\n<p>&nbsp;<\/p>\n<p><strong><\/strong><\/p>\n<p><strong><\/strong><\/p>\n<p><strong><\/strong><\/p>\n<p><strong><\/strong><\/p>\n<p><strong><\/strong><\/p>\n<p><strong><\/strong><\/p>\n<p><strong><\/strong><\/p>\n<p><strong><\/strong><\/p>\n<p><strong><\/strong><\/p>\n<p><strong>Direcci\u00f3n:<\/strong> Felipe Holgu\u00edn<\/p>\n<p><strong>Pa\u00eds:<\/strong> Colombia<\/p>\n<p><strong>A\u00f1o:<\/strong> 2024<\/p>\n<p><strong>Duraci\u00f3n:<\/strong> 83 min<\/p>\n<p><strong>Idioma:<\/strong> Espa\u00f1ol<\/p>\n<p>[\/et_pb_text][\/et_pb_column][\/et_pb_row][\/et_pb_section][et_pb_section fb_built=&#8221;1&#8243; _builder_version=&#8221;4.27.4&#8243; _module_preset=&#8221;default&#8221; global_colors_info=&#8221;{}&#8221;][et_pb_row _builder_version=&#8221;4.27.4&#8243; _module_preset=&#8221;default&#8221; global_colors_info=&#8221;{}&#8221;][et_pb_column type=&#8221;4_4&#8243; _builder_version=&#8221;4.27.4&#8243; _module_preset=&#8221;default&#8221; global_colors_info=&#8221;{}&#8221;][et_pb_text _builder_version=&#8221;4.27.4&#8243; _module_preset=&#8221;default&#8221; text_font=&#8221;&#8211;et_global_body_font|800|||||||&#8221; text_text_color=&#8221;gcid-c67e4c14-9f9a-4541-bcfb-a3dbe227e267&#8243; min_height=&#8221;255px&#8221; global_colors_info=&#8221;{%22gcid-c67e4c14-9f9a-4541-bcfb-a3dbe227e267%22:%91%22text_text_color%22%93}&#8221;]<\/p>\n<p><span>En un pueblo borrado de los mapas donde ni siquiera hay electricidad, una adolescente sue\u00f1a con ser boxeadora. Cuando se entera que su t\u00edo pelear\u00e1 por el t\u00edtulo mundial y el evento ser\u00e1 transmitido en vivo por televisi\u00f3n, ella y la comunidad har\u00e1n hasta lo imposible para ver la pelea, mientras luchan contra el olvido.<\/span><\/p>\n<p>[\/et_pb_text][\/et_pb_column][\/et_pb_row][\/et_pb_section][et_pb_section fb_built=&#8221;1&#8243; _builder_version=&#8221;4.27.4&#8243; _module_preset=&#8221;default&#8221; global_colors_info=&#8221;{}&#8221;][et_pb_row _builder_version=&#8221;4.27.4&#8243; _module_preset=&#8221;default&#8221; global_colors_info=&#8221;{}&#8221;][et_pb_column type=&#8221;4_4&#8243; _builder_version=&#8221;4.27.4&#8243; _module_preset=&#8221;default&#8221; global_colors_info=&#8221;{}&#8221;][et_pb_gallery gallery_ids=&#8221;5209,5210,5211,5212&#8243; show_title_and_caption=&#8221;off&#8221; show_pagination=&#8221;off&#8221; _builder_version=&#8221;4.27.4&#8243; _module_preset=&#8221;default&#8221; hover_enabled=&#8221;0&#8243; global_colors_info=&#8221;{}&#8221; sticky_enabled=&#8221;0&#8243;][\/et_pb_gallery][\/et_pb_column][\/et_pb_row][\/et_pb_section][et_pb_section fb_built=&#8221;1&#8243; _builder_version=&#8221;4.27.4&#8243; _module_preset=&#8221;default&#8221;][et_pb_row _builder_version=&#8221;4.27.4&#8243; _module_preset=&#8221;default&#8221; global_colors_info=&#8221;{}&#8221;][et_pb_column type=&#8221;4_4&#8243; _builder_version=&#8221;4.27.4&#8243; _module_preset=&#8221;default&#8221; global_colors_info=&#8221;{}&#8221;][et_pb_text _builder_version=&#8221;4.27.4&#8243; _module_preset=&#8221;default&#8221; text_font=&#8221;Playfair Display|800|||||||&#8221; text_text_color=&#8221;gcid-c67e4c14-9f9a-4541-bcfb-a3dbe227e267&#8243; global_colors_info=&#8221;{%22gcid-c67e4c14-9f9a-4541-bcfb-a3dbe227e267%22:%91%22text_text_color%22%93}&#8221;]<\/p>\n<p>Ficha T\u00e9cnica<\/p>\n<p>[\/et_pb_text][\/et_pb_column][\/et_pb_row][et_pb_row column_structure=&#8221;1_2,1_2&#8243; _builder_version=&#8221;4.27.4&#8243; _module_preset=&#8221;default&#8221; global_colors_info=&#8221;{}&#8221;][et_pb_column type=&#8221;1_2&#8243; _builder_version=&#8221;4.27.4&#8243; _module_preset=&#8221;default&#8221; global_colors_info=&#8221;{}&#8221;][et_pb_text _builder_version=&#8221;4.27.4&#8243; _module_preset=&#8221;default&#8221; text_font=&#8221;&#8211;et_global_body_font|800|||||||&#8221; text_text_color=&#8221;gcid-c67e4c14-9f9a-4541-bcfb-a3dbe227e267&#8243; global_colors_info=&#8221;{%22gcid-c67e4c14-9f9a-4541-bcfb-a3dbe227e267%22:%91%22text_text_color%22%93}&#8221;]<\/p>\n<p data-start=\"232\" data-end=\"278\"><strong data-start=\"223\" data-end=\"237\">Direcci\u00f3n:<\/strong> Felipe Holgu\u00edn<\/p>\n<p data-start=\"232\" data-end=\"278\"><br data-start=\"252\" data-end=\"255\" \/><strong data-start=\"255\" data-end=\"265\">Guion:<\/strong> Felipe Holgu\u00edn, Andy Sierra<\/p>\n<p data-start=\"232\" data-end=\"278\"><br data-start=\"293\" data-end=\"296\" \/><strong data-start=\"296\" data-end=\"305\">Pa\u00eds:<\/strong> Colombia<\/p>\n<p data-start=\"232\" data-end=\"278\"><br data-start=\"314\" data-end=\"317\" \/><strong data-start=\"317\" data-end=\"325\" data-is-only-node=\"\">A\u00f1o:<\/strong> 2024<\/p>\n<p data-start=\"232\" data-end=\"278\"><strong data-start=\"333\" data-end=\"346\">Duraci\u00f3n:<\/strong> 83 minutos<\/p>\n<p data-start=\"232\" data-end=\"278\"><br data-start=\"357\" data-end=\"360\" \/><strong data-start=\"360\" data-end=\"380\">Idioma original:<\/strong> Espa\u00f1ol<\/p>\n<p data-start=\"232\" data-end=\"278\"><br data-start=\"388\" data-end=\"391\" \/><strong data-start=\"391\" data-end=\"402\">G\u00e9nero:<\/strong> Ficci\u00f3n \/ Drama<\/p>\n<p data-start=\"232\" data-end=\"278\"><br data-start=\"418\" data-end=\"421\" \/><strong data-start=\"421\" data-end=\"436\">Fotograf\u00eda:<\/strong> Mauricio Vidal<\/p>\n<p data-start=\"232\" data-end=\"278\"><strong data-start=\"489\" data-end=\"504\"><\/strong><\/p>\n<p data-start=\"232\" data-end=\"278\"><strong data-start=\"489\" data-end=\"504\">Producci\u00f3n:<\/strong> Cumbia Films, Telepacifico, HD Cinema Colombia<\/p>\n<p data-start=\"232\" data-end=\"278\"><br data-start=\"551\" data-end=\"554\" \/><strong data-start=\"554\" data-end=\"570\">Productores:<\/strong> Mar\u00eda Teresa Gaviria, Felipe Holgu\u00edn, Andy Sierra<\/p>\n<p data-start=\"232\" data-end=\"278\"><br data-start=\"620\" data-end=\"623\" \/><strong data-start=\"623\" data-end=\"650\">Productores Ejecutivos:<\/strong> Diana P\u00e9rez, Iv\u00e1n Luna, Mike Downey, Mar\u00eda Teresa Gaviria, Felipe Holgu\u00edn, Andy Sierra<\/p>\n<p data-start=\"232\" data-end=\"278\"><br data-start=\"737\" data-end=\"740\" \/><strong data-start=\"740\" data-end=\"763\">Productor de Campo:<\/strong> Rafael Porto Hill<\/p>\n<p data-start=\"232\" data-end=\"278\"><br data-start=\"781\" data-end=\"784\" \/><strong data-start=\"784\" data-end=\"807\">Productor en L\u00ednea:<\/strong> Sandra Padilla de la Ossa<\/p>\n<p data-start=\"232\" data-end=\"278\"><strong data-start=\"884\" data-end=\"898\">Vestuario:<\/strong> Giorgina Mercado<\/p>\n<p data-start=\"232\" data-end=\"278\"><br data-start=\"915\" data-end=\"918\" \/><strong data-start=\"918\" data-end=\"933\">Maquillaje:<\/strong> Luz Marina Nu\u00f1ez<\/p>\n<p data-start=\"232\" data-end=\"278\"><br data-start=\"950\" data-end=\"953\" \/><strong data-start=\"953\" data-end=\"972\">Sonido Directo:<\/strong> Gabriel Bocanegra<\/p>\n<p data-start=\"232\" data-end=\"278\"><br data-start=\"990\" data-end=\"993\" \/><strong data-start=\"993\" data-end=\"1014\">Dise\u00f1o de Sonido:<\/strong> Andr\u00e9s Silva D\u00edaz<\/p>\n<p data-start=\"232\" data-end=\"278\"><br data-start=\"1032\" data-end=\"1035\" \/><strong data-start=\"1035\" data-end=\"1046\">M\u00fasica:<\/strong> Boris Garc\u00eda (Productor Musical)<\/p>\n<p data-start=\"232\" data-end=\"278\"><br data-start=\"1079\" data-end=\"1082\" \/><strong data-start=\"1082\" data-end=\"1094\">Casting:<\/strong> Anna Payares, Juan Pablo F\u00e9lix (Preparador de Actores)<\/p>\n<p data-start=\"232\" data-end=\"278\"><br data-start=\"1149\" data-end=\"1152\" \/><strong data-start=\"1152\" data-end=\"1162\">Otros:<\/strong> Labo Digital (Finalizaci\u00f3n)<\/p>\n<p data-start=\"232\" data-end=\"278\"><br data-start=\"1190\" data-end=\"1193\" \/><strong data-start=\"1193\" data-end=\"1220\">Asistente de Direcci\u00f3n:<\/strong> Isabel Vargas<\/p>\n<p data-start=\"232\" data-end=\"278\"><br data-start=\"1234\" data-end=\"1237\" \/><strong data-start=\"1237\" data-end=\"1254\">Coproducci\u00f3n:<\/strong> Telepac\u00edfico, HD Cinema Colombia<\/p>\n<p data-start=\"232\" data-end=\"278\"><br data-start=\"1287\" data-end=\"1290\" \/><strong data-start=\"1290\" data-end=\"1313\">Formato de captura:<\/strong> Digital<\/p>\n<p data-start=\"232\" data-end=\"278\"><br data-start=\"1321\" data-end=\"1324\" \/><strong data-start=\"1324\" data-end=\"1350\">Formato de proyecci\u00f3n:<\/strong> DCP<\/p>\n<p data-start=\"232\" data-end=\"278\"><br data-start=\"1354\" data-end=\"1357\" \/><strong data-start=\"1357\" data-end=\"1367\">Color:<\/strong> Color<\/p>\n<p data-start=\"232\" data-end=\"278\"><br data-start=\"1373\" data-end=\"1376\" \/><strong data-start=\"1376\" data-end=\"1387\">Sonido:<\/strong> Dolby 5.1<\/p>\n<p data-start=\"232\" data-end=\"278\"><br data-start=\"1397\" data-end=\"1400\" \/><strong data-start=\"1400\" data-end=\"1412\">Metraje:<\/strong> Largometraje<\/p>\n<p data-start=\"232\" data-end=\"278\">\n<p data-start=\"232\" data-end=\"278\"><strong data-start=\"1458\" data-end=\"1475\">Nacionalidad:<\/strong> Colombia<\/p>\n<p data-start=\"232\" data-end=\"278\"><br data-start=\"1484\" data-end=\"1487\" \/><strong data-start=\"1487\" data-end=\"1508\">Fecha de estreno:<\/strong> 2 de mayo de 2024<\/p>\n<p>[\/et_pb_text][\/et_pb_column][et_pb_column type=&#8221;1_2&#8243; _builder_version=&#8221;4.27.4&#8243; _module_preset=&#8221;default&#8221; global_colors_info=&#8221;{}&#8221;][et_pb_video src=&#8221;https:\/\/www.youtube.com\/watch?v=leRYm_CumKw&#8221; _builder_version=&#8221;4.27.4&#8243; _module_preset=&#8221;default&#8221; global_colors_info=&#8221;{}&#8221;][\/et_pb_video][et_pb_text _builder_version=&#8221;4.27.4&#8243; _module_preset=&#8221;default&#8221; text_font=&#8221;&#8211;et_global_body_font|800|||||||&#8221; text_text_color=&#8221;gcid-c67e4c14-9f9a-4541-bcfb-a3dbe227e267&#8243; global_colors_info=&#8221;{%22gcid-c67e4c14-9f9a-4541-bcfb-a3dbe227e267%22:%91%22text_text_color%22%93}&#8221;]<\/p>\n<p>PROTAGONISTAS<\/p>\n<p>Elizabeth Mart\u00ednez<br data-start=\"146\" data-end=\"149\" \/>Antonio Jim\u00e9nez<br data-start=\"164\" data-end=\"167\" \/>Pabla Fl\u00f3rez<br data-start=\"179\" data-end=\"182\" \/>Ana Victoria Rodr\u00edguez<br data-start=\"204\" data-end=\"207\" \/>Mois\u00e9s Ram\u00edrez<br data-start=\"221\" data-end=\"224\" \/>Juan Jos\u00e9 Jim\u00e9nez<br data-start=\"241\" data-end=\"244\" \/>Miguel \u00c1ngel Fontalvo<br data-start=\"265\" data-end=\"268\" \/>Domingo Zabaleta<\/p>\n<p>[\/et_pb_text][\/et_pb_column][\/et_pb_row][et_pb_row _builder_version=&#8221;4.27.4&#8243; _module_preset=&#8221;default&#8221; global_colors_info=&#8221;{}&#8221;][et_pb_column type=&#8221;4_4&#8243; _builder_version=&#8221;4.27.4&#8243; _module_preset=&#8221;default&#8221; global_colors_info=&#8221;{}&#8221;][et_pb_button button_url=&#8221;https:\/\/lasurrealfilmfestival.com\/posters-oficial-2025\/&#8221; button_text=&#8221;Volver a la Selecci\u00f3n&#8221; _builder_version=&#8221;4.27.4&#8243; _module_preset=&#8221;default&#8221; custom_css_free_form=&#8221;<a href=%22\/posters-oficial-2025\/%22 class=%22volver-boton%22>\u2190 Volver a la selecci\u00f3n<\/a>||||<\/p>\n<style>||.volver-boton {||  display: inline-block;||  background-color: #000;       \/* Color de fondo *\/||  color: #fff;                  \/* Color del texto *\/||  padding: 10px 20px;||  border-radius: 30px;||  text-decoration: none;||  font-weight: 600;||  transition: background-color 0.3s ease;||  margin-top: 20px;             \/* Espacio superior *\/||}||||.volver-boton:hover {||  background-color: #444;       \/* Color al pasar el mouse *\/||}||<\/style>\n<p>&#8221; global_colors_info=&#8221;{}&#8221;][\/et_pb_button][\/et_pb_column][\/et_pb_row][\/et_pb_section][et_pb_section fb_built=&#8221;1&#8243; _builder_version=&#8221;4.27.4&#8243; _module_preset=&#8221;default&#8221;][et_pb_row column_structure=&#8221;1_3,1_3,1_3&#8243; _builder_version=&#8221;4.27.4&#8243; _module_preset=&#8221;default&#8221; global_colors_info=&#8221;{}&#8221;][et_pb_column type=&#8221;1_3&#8243; _builder_version=&#8221;4.27.4&#8243; _module_preset=&#8221;default&#8221; global_colors_info=&#8221;{}&#8221;][et_pb_code _builder_version=&#8221;4.27.4&#8243; _module_preset=&#8221;default&#8221; custom_margin=&#8221;11px|-4px|-33px|68px|false|false&#8221; custom_padding=&#8221;1px||0px|1px|false|false&#8221; global_colors_info=&#8221;{}&#8221;]<a href=\"mailto:lasurrealfestival@gmail.com\" <!-- [et_pb_line_break_holder] -->   title=&#8221;Escr\u00edbenos&#8221; <!-- [et_pb_line_break_holder] -->   style=&#8221;display:inline-block;<!-- [et_pb_line_break_holder] -->          background:#D93025;<!-- [et_pb_line_break_holder] -->          color:#fff;<!-- [et_pb_line_break_holder] -->          width:36px;<!-- [et_pb_line_break_holder] -->          height:36px;<!-- [et_pb_line_break_holder] -->          text-align:center;<!-- [et_pb_line_break_holder] -->          line-height:36px;<!-- [et_pb_line_break_holder] -->          border-radius:50%;<!-- [et_pb_line_break_holder] -->          font-size:18px;<!-- [et_pb_line_break_holder] -->          text-decoration:none;<!-- [et_pb_line_break_holder] -->          margin-left:8px;&#8221;><!-- [et_pb_line_break_holder] -->  \u2709\ufe0f<!-- [et_pb_line_break_holder] --><\/a>[\/et_pb_code][et_pb_social_media_follow _builder_version=&#8221;4.27.4&#8243; _module_preset=&#8221;default&#8221; global_colors_info=&#8221;{}&#8221;][et_pb_social_media_follow_network social_network=&#8221;facebook&#8221; url=&#8221;https:\/\/www.facebook.com\/lasurrealfilmfestival&#8221; _builder_version=&#8221;4.27.4&#8243; _module_preset=&#8221;default&#8221; background_color=&#8221;#3b5998&#8243; global_colors_info=&#8221;{}&#8221; follow_button=&#8221;off&#8221; url_new_window=&#8221;on&#8221;]facebook[\/et_pb_social_media_follow_network][et_pb_social_media_follow_network social_network=&#8221;instagram&#8221; url=&#8221;https:\/\/www.instagram.com\/lasurrealfilmfestival\/&#8221; _builder_version=&#8221;4.27.4&#8243; _module_preset=&#8221;default&#8221; background_color=&#8221;#ea2c59&#8243; global_colors_info=&#8221;{}&#8221; follow_button=&#8221;off&#8221; url_new_window=&#8221;on&#8221;]instagram[\/et_pb_social_media_follow_network][\/et_pb_social_media_follow][\/et_pb_column][et_pb_column type=&#8221;1_3&#8243; _builder_version=&#8221;4.27.4&#8243; _module_preset=&#8221;default&#8221; global_colors_info=&#8221;{}&#8221;][et_pb_code _builder_version=&#8221;4.27.4&#8243; _module_preset=&#8221;default&#8221; global_colors_info=&#8221;{}&#8221;][\/et_pb_code][\/et_pb_column][et_pb_column type=&#8221;1_3&#8243; _builder_version=&#8221;4.27.4&#8243; _module_preset=&#8221;default&#8221; global_colors_info=&#8221;{}&#8221;][et_pb_image src=&#8221;https:\/\/lasurrealfilmfestival.com\/wp-content\/uploads\/2024\/12\/Curare_raw.png&#8221; title_text=&#8221;Curare_raw&#8221; url=&#8221;http:\/\/kunstrial.org\/curare-podcast\/&#8221; url_new_window=&#8221;on&#8221; _builder_version=&#8221;4.27.4&#8243; _module_preset=&#8221;default&#8221; width=&#8221;68%&#8221; global_colors_info=&#8221;{}&#8221;][\/et_pb_image][et_pb_code _builder_version=&#8221;4.27.4&#8243; _module_preset=&#8221;default&#8221; width=&#8221;75%&#8221; global_colors_info=&#8221;{}&#8221;]<\/p>\n<style><!-- [et_pb_line_break_holder] -->  .curare-neon {<!-- [et_pb_line_break_holder] -->    display:flex; flex-direction:column; align-items:center; gap:.25rem;<!-- [et_pb_line_break_holder] -->    text-align:center; line-height:1; user-select:none;<!-- [et_pb_line_break_holder] -->  }<!-- [et_pb_line_break_holder] --><!-- [et_pb_line_break_holder] -->  :root{<!-- [et_pb_line_break_holder] -->    --curare-orange:#FF7A45;<!-- [et_pb_line_break_holder] -->    --curare-coral:#FF5E57;<!-- [et_pb_line_break_holder] -->    --curare-cream:#F5E6CF;<!-- [et_pb_line_break_holder] -->    --curare-teal:#2FBDB6;<!-- [et_pb_line_break_holder] -->    --glow: rgba(255,122,69,.45);<!-- [et_pb_line_break_holder] -->    --glow-teal: rgba(47,189,182,.35);<!-- [et_pb_line_break_holder] -->  }<!-- [et_pb_line_break_holder] --><!-- [et_pb_line_break_holder] -->  .curare-neon .title {<!-- [et_pb_line_break_holder] -->    font-family: \"Poppins\", system-ui, -apple-system, Segoe UI, Roboto, sans-serif;<!-- [et_pb_line_break_holder] -->    font-weight: 700;<!-- [et_pb_line_break_holder] -->    letter-spacing: .14em;<!-- [et_pb_line_break_holder] -->    text-transform: uppercase;<!-- [et_pb_line_break_holder] -->    font-size: clamp(20px, 3.5vw, 34px);<!-- [et_pb_line_break_holder] -->    background: linear-gradient(90deg, var(--curare-orange), var(--curare-cream), var(--curare-teal), var(--curare-orange));<!-- [et_pb_line_break_holder] -->    -webkit-background-clip: text;<!-- [et_pb_line_break_holder] -->    background-clip: text;<!-- [et_pb_line_break_holder] -->    color: transparent;<!-- [et_pb_line_break_holder] -->    text-shadow:<!-- [et_pb_line_break_holder] -->      0 0 4px var(--glow),<!-- [et_pb_line_break_holder] -->      0 0 10px var(--glow-teal);<!-- [et_pb_line_break_holder] -->    filter: drop-shadow(0 0 4px rgba(255,255,255,.08));<!-- [et_pb_line_break_holder] -->    animation: curare-glow 3s ease-in-out infinite alternate;<!-- [et_pb_line_break_holder] -->  }<!-- [et_pb_line_break_holder] --><!-- [et_pb_line_break_holder] -->  .curare-neon .tag {<!-- [et_pb_line_break_holder] -->    font-family: \"Poppins\", system-ui, -apple-system, Segoe UI, Roboto, sans-serif;<!-- [et_pb_line_break_holder] -->    font-weight: 500;<!-- [et_pb_line_break_holder] -->    letter-spacing: .1em;<!-- [et_pb_line_break_holder] -->    font-size: clamp(10px, 1.2vw, 13px);<!-- [et_pb_line_break_holder] -->    color: #0B1216;<!-- [et_pb_line_break_holder] -->    padding: .35rem .8rem;<!-- [et_pb_line_break_holder] -->    border-radius: 999px;<!-- [et_pb_line_break_holder] -->    background:<!-- [et_pb_line_break_holder] -->      radial-gradient(100% 100% at 50% 0%, #ffffff 0%, #ffffffc7 40%, #ffffff99 60%, #ffffff22 100%),<!-- [et_pb_line_break_holder] -->      linear-gradient(90deg, var(--curare-coral), var(--curare-orange), var(--curare-teal));<!-- [et_pb_line_break_holder] -->    box-shadow:<!-- [et_pb_line_break_holder] -->      0 0 4px var(--glow),<!-- [et_pb_line_break_holder] -->      0 0 10px var(--glow-teal),<!-- [et_pb_line_break_holder] -->      inset 0 0 4px #ffffff80;<!-- [et_pb_line_break_holder] -->  }<!-- [et_pb_line_break_holder] --><!-- [et_pb_line_break_holder] -->  @keyframes curare-glow {<!-- [et_pb_line_break_holder] -->    0% {<!-- [et_pb_line_break_holder] -->      text-shadow:<!-- [et_pb_line_break_holder] -->        0 0 3px var(--glow),<!-- [et_pb_line_break_holder] -->        0 0 8px var(--glow-teal);<!-- [et_pb_line_break_holder] -->      transform: translateY(0);<!-- [et_pb_line_break_holder] -->    }<!-- [et_pb_line_break_holder] -->    100% {<!-- [et_pb_line_break_holder] -->      text-shadow:<!-- [et_pb_line_break_holder] -->        0 0 6px var(--glow),<!-- [et_pb_line_break_holder] -->        0 0 14px var(--glow-teal);<!-- [et_pb_line_break_holder] -->      transform: translateY(-1px);<!-- [et_pb_line_break_holder] -->    }<!-- [et_pb_line_break_holder] -->  }<!-- [et_pb_line_break_holder] --><\/style>\n<p><!-- [et_pb_line_break_holder] --><!-- [et_pb_line_break_holder] --><\/p>\n<div class=\"curare-neon\"><!-- [et_pb_line_break_holder] -->  <\/p>\n<div class=\"title\">CURARE<\/div>\n<p><!-- [et_pb_line_break_holder] -->  <\/p>\n<div class=\"tag\">podcast<\/div>\n<p><!-- [et_pb_line_break_holder] --><\/div>\n<p>[\/et_pb_code][et_pb_code _builder_version=&#8221;4.27.4&#8243; _module_preset=&#8221;default&#8221; global_colors_info=&#8221;{}&#8221;][\/et_pb_code][\/et_pb_column][\/et_pb_row][\/et_pb_section]<\/p>\n","protected":false},"excerpt":{"rendered":"<p>&nbsp; Direcci\u00f3n: Felipe Holgu\u00edn Pa\u00eds: Colombia A\u00f1o: 2024 Duraci\u00f3n: 83 min Idioma: Espa\u00f1olEn un pueblo borrado de los mapas donde ni siquiera hay electricidad, una adolescente sue\u00f1a con ser boxeadora. Cuando se entera que su t\u00edo pelear\u00e1 por el t\u00edtulo mundial y el evento ser\u00e1 transmitido en vivo por televisi\u00f3n, ella y la comunidad har\u00e1n [&hellip;]<\/p>\n","protected":false},"author":1,"featured_media":0,"parent":0,"menu_order":0,"comment_status":"closed","ping_status":"closed","template":"","meta":{"_et_pb_use_builder":"on","_et_pb_old_content":"","_et_gb_content_width":"","footnotes":""},"class_list":["post-5201","page","type-page","status-publish","hentry"],"_links":{"self":[{"href":"https:\/\/lasurrealfilmfestival.com\/en\/wp-json\/wp\/v2\/pages\/5201","targetHints":{"allow":["GET"]}}],"collection":[{"href":"https:\/\/lasurrealfilmfestival.com\/en\/wp-json\/wp\/v2\/pages"}],"about":[{"href":"https:\/\/lasurrealfilmfestival.com\/en\/wp-json\/wp\/v2\/types\/page"}],"author":[{"embeddable":true,"href":"https:\/\/lasurrealfilmfestival.com\/en\/wp-json\/wp\/v2\/users\/1"}],"replies":[{"embeddable":true,"href":"https:\/\/lasurrealfilmfestival.com\/en\/wp-json\/wp\/v2\/comments?post=5201"}],"version-history":[{"count":4,"href":"https:\/\/lasurrealfilmfestival.com\/en\/wp-json\/wp\/v2\/pages\/5201\/revisions"}],"predecessor-version":[{"id":5469,"href":"https:\/\/lasurrealfilmfestival.com\/en\/wp-json\/wp\/v2\/pages\/5201\/revisions\/5469"}],"wp:attachment":[{"href":"https:\/\/lasurrealfilmfestival.com\/en\/wp-json\/wp\/v2\/media?parent=5201"}],"curies":[{"name":"wp","href":"https:\/\/api.w.org\/{rel}","templated":true}]}}