{"id":5233,"date":"2025-11-02T21:15:48","date_gmt":"2025-11-02T21:15:48","guid":{"rendered":"https:\/\/lasurrealfilmfestival.com\/?page_id=5233"},"modified":"2026-01-12T20:45:11","modified_gmt":"2026-01-12T20:45:11","slug":"cantos-que-inundan-el-rio","status":"publish","type":"page","link":"https:\/\/lasurrealfilmfestival.com\/en\/cantos-que-inundan-el-rio\/","title":{"rendered":"Cantos que inundan el r\u00edo"},"content":{"rendered":"<p>[et_pb_section fb_built=&#8221;1&#8243; _builder_version=&#8221;4.27.4&#8243; _module_preset=&#8221;default&#8221;][et_pb_row column_structure=&#8221;1_2,1_2&#8243; _builder_version=&#8221;4.27.4&#8243; _module_preset=&#8221;default&#8221; global_colors_info=&#8221;{}&#8221;][et_pb_column type=&#8221;1_2&#8243; _builder_version=&#8221;4.27.4&#8243; _module_preset=&#8221;default&#8221; global_colors_info=&#8221;{}&#8221;][et_pb_image src=&#8221;https:\/\/lasurrealfilmfestival.com\/wp-content\/uploads\/2025\/11\/Screenshot-2025-11-02-at-22.14.38.png&#8221; title_text=&#8221;Poster_Cantos que inundan el r\u00edo&#8221; _builder_version=&#8221;4.27.4&#8243; _module_preset=&#8221;default&#8221; global_colors_info=&#8221;{}&#8221;][\/et_pb_image][\/et_pb_column][et_pb_column type=&#8221;1_2&#8243; _builder_version=&#8221;4.27.4&#8243; _module_preset=&#8221;default&#8221; global_colors_info=&#8221;{}&#8221;][et_pb_text _builder_version=&#8221;4.27.4&#8243; _module_preset=&#8221;default&#8221; text_font=&#8221;Playfair Display|800|||||||&#8221; text_text_color=&#8221;gcid-c67e4c14-9f9a-4541-bcfb-a3dbe227e267&#8243; global_colors_info=&#8221;{%22gcid-c67e4c14-9f9a-4541-bcfb-a3dbe227e267%22:%91%22text_text_color%22%93}&#8221;]<\/p>\n<h1><\/h1>\n<p>&nbsp;<\/p>\n<p><strong><\/strong><\/p>\n<p><strong><\/strong><\/p>\n<p><strong><\/strong><\/p>\n<p><strong><\/strong><\/p>\n<p><strong><\/strong><\/p>\n<p><strong><\/strong><\/p>\n<p><strong><\/strong><\/p>\n<p><strong><\/strong><\/p>\n<p><strong><\/strong><\/p>\n<p><strong>Direcci\u00f3n:<\/strong> Germ\u00e1n Arango<\/p>\n<p><strong>Pa\u00eds:<\/strong> Colombia<\/p>\n<p><strong>A\u00f1o:<\/strong> 2022<\/p>\n<p><strong>Duraci\u00f3n:<\/strong> 72 min<\/p>\n<p><strong>Idioma:<\/strong> Espa\u00f1ol<\/p>\n<p>[\/et_pb_text][\/et_pb_column][\/et_pb_row][\/et_pb_section][et_pb_section fb_built=&#8221;1&#8243; _builder_version=&#8221;4.27.4&#8243; _module_preset=&#8221;default&#8221;][et_pb_row _builder_version=&#8221;4.27.4&#8243; _module_preset=&#8221;default&#8221; global_colors_info=&#8221;{}&#8221;][et_pb_column type=&#8221;4_4&#8243; _builder_version=&#8221;4.27.4&#8243; _module_preset=&#8221;default&#8221; global_colors_info=&#8221;{}&#8221;][et_pb_text _builder_version=&#8221;4.27.4&#8243; _module_preset=&#8221;default&#8221; text_font=&#8221;&#8211;et_global_body_font|800|||||||&#8221; text_text_color=&#8221;gcid-c67e4c14-9f9a-4541-bcfb-a3dbe227e267&#8243; min_height=&#8221;255px&#8221; global_colors_info=&#8221;{%22gcid-c67e4c14-9f9a-4541-bcfb-a3dbe227e267%22:%91%22text_text_color%22%93}&#8221;]<\/p>\n<p><span>Oneida aprendi\u00f3 desde ni\u00f1a a cantar alabados, cantos f\u00fanebres con los que las comunidades afro despiden a sus muertos para que tengan un buen retorno al lugar de las almas. A los ocho a\u00f1os una serpiente devor\u00f3 su pierna izquierda, oblig\u00e1ndola a quedarse para siempre en Pogue, su pueblo, un lugar enclavado en la selva al que solo se puede acceder por el r\u00edo Bojay\u00e1. En 2002, su territorio vivi\u00f3 uno de los hechos m\u00e1s infames del conflicto armado colombiano; la masacre de Bojay\u00e1, donde m\u00e1s de 100 personas fueron asesinadas en la iglesia del pueblo, mientras se resguardaban de combates entre guerrillas y paramilitares. Para luchar contra el miedo, Oneida se hizo compositora y uso las melod\u00edas de los alabados tradicionales para elaborar nuevas canciones que narraran los horrores vividos por su gente. Hoy sus cantos y los de todas las alabadoras de Bojay\u00e1, representan el clamor de paz de una regi\u00f3n que canta su pasado para construir un presente inspirado en la dignidad y la esperanza.<\/span><\/p>\n<p>[\/et_pb_text][\/et_pb_column][\/et_pb_row][\/et_pb_section][et_pb_section fb_built=&#8221;1&#8243; _builder_version=&#8221;4.27.4&#8243; _module_preset=&#8221;default&#8221;][et_pb_row _builder_version=&#8221;4.27.4&#8243; _module_preset=&#8221;default&#8221; global_colors_info=&#8221;{}&#8221;][et_pb_column type=&#8221;4_4&#8243; _builder_version=&#8221;4.27.4&#8243; _module_preset=&#8221;default&#8221; global_colors_info=&#8221;{}&#8221;][et_pb_gallery gallery_ids=&#8221;5244,5245,5243,5242,5247,5249&#8243; gallery_orderby=&#8221;rand&#8221; show_title_and_caption=&#8221;off&#8221; show_pagination=&#8221;off&#8221; _builder_version=&#8221;4.27.4&#8243; _module_preset=&#8221;default&#8221; hover_enabled=&#8221;0&#8243; global_colors_info=&#8221;{}&#8221; sticky_enabled=&#8221;0&#8243;][\/et_pb_gallery][\/et_pb_column][\/et_pb_row][\/et_pb_section][et_pb_section fb_built=&#8221;1&#8243; _builder_version=&#8221;4.27.4&#8243; _module_preset=&#8221;default&#8221; global_colors_info=&#8221;{}&#8221;][et_pb_row _builder_version=&#8221;4.27.4&#8243; _module_preset=&#8221;default&#8221; global_colors_info=&#8221;{}&#8221;][et_pb_column type=&#8221;4_4&#8243; _builder_version=&#8221;4.27.4&#8243; _module_preset=&#8221;default&#8221; global_colors_info=&#8221;{}&#8221;][et_pb_text _builder_version=&#8221;4.27.4&#8243; _module_preset=&#8221;default&#8221; text_font=&#8221;Playfair Display|800|||||||&#8221; text_text_color=&#8221;gcid-c67e4c14-9f9a-4541-bcfb-a3dbe227e267&#8243; global_colors_info=&#8221;{%22gcid-c67e4c14-9f9a-4541-bcfb-a3dbe227e267%22:%91%22text_text_color%22%93}&#8221;]<\/p>\n<p>Ficha T\u00e9cnica<\/p>\n<p>[\/et_pb_text][\/et_pb_column][\/et_pb_row][et_pb_row column_structure=&#8221;1_2,1_2&#8243; _builder_version=&#8221;4.27.4&#8243; _module_preset=&#8221;default&#8221; global_colors_info=&#8221;{}&#8221;][et_pb_column type=&#8221;1_2&#8243; _builder_version=&#8221;4.27.4&#8243; _module_preset=&#8221;default&#8221; global_colors_info=&#8221;{}&#8221;][et_pb_text _builder_version=&#8221;4.27.4&#8243; _module_preset=&#8221;default&#8221; text_font=&#8221;&#8211;et_global_body_font|800|||||||&#8221; text_text_color=&#8221;gcid-c67e4c14-9f9a-4541-bcfb-a3dbe227e267&#8243; global_colors_info=&#8221;{%22gcid-c67e4c14-9f9a-4541-bcfb-a3dbe227e267%22:%91%22text_text_color%22%93}&#8221;]<\/p>\n<p data-start=\"213\" data-end=\"261\"><strong data-start=\"213\" data-end=\"233\">T\u00edtulo original:<\/strong> Cantos que inundan el r\u00edo<\/p>\n<p data-start=\"213\" data-end=\"261\">\n<p data-start=\"263\" data-end=\"293\"><strong data-start=\"263\" data-end=\"277\">Direcci\u00f3n:<\/strong> Germ\u00e1n Arango<\/p>\n<p data-start=\"263\" data-end=\"293\">\n<p data-start=\"295\" data-end=\"336\"><strong data-start=\"295\" data-end=\"305\">Guion:<\/strong> Germ\u00e1n Arango, Gustavo Vasco<\/p>\n<p data-start=\"295\" data-end=\"336\">\n<p data-start=\"338\" data-end=\"358\"><strong data-start=\"338\" data-end=\"347\">Pa\u00eds:<\/strong> Colombia<\/p>\n<p data-start=\"338\" data-end=\"358\">\n<p data-start=\"360\" data-end=\"375\"><strong data-start=\"360\" data-end=\"368\">A\u00f1o:<\/strong> 2022<\/p>\n<p data-start=\"360\" data-end=\"375\">\n<p data-start=\"377\" data-end=\"399\"><strong data-start=\"377\" data-end=\"390\">Duraci\u00f3n:<\/strong> 72 min<\/p>\n<p data-start=\"377\" data-end=\"399\">\n<p data-start=\"401\" data-end=\"431\"><strong data-start=\"401\" data-end=\"421\">Idioma original:<\/strong> Espa\u00f1ol<\/p>\n<p data-start=\"401\" data-end=\"431\">\n<p data-start=\"433\" data-end=\"457\"><strong data-start=\"433\" data-end=\"444\">G\u00e9nero:<\/strong> Documental<\/p>\n<p data-start=\"433\" data-end=\"457\">\n<p data-start=\"459\" data-end=\"492\"><strong data-start=\"459\" data-end=\"474\">Fotograf\u00eda:<\/strong> Liberman Arango<\/p>\n<p data-start=\"459\" data-end=\"492\">\n<p data-start=\"494\" data-end=\"522\"><strong data-start=\"494\" data-end=\"506\">Montaje:<\/strong> Gustavo Vasco<\/p>\n<p data-start=\"494\" data-end=\"522\">\n<p data-start=\"524\" data-end=\"569\"><strong data-start=\"524\" data-end=\"535\">Sonido:<\/strong> Guido Beremblum, Andr\u00e9s Acevedo<\/p>\n<p data-start=\"524\" data-end=\"569\">\n<p data-start=\"571\" data-end=\"622\"><strong data-start=\"571\" data-end=\"582\">M\u00fasica:<\/strong> Oneida Orejuela, Cantadoras de Bojay\u00e1<\/p>\n<p data-start=\"571\" data-end=\"622\">\n<p data-start=\"624\" data-end=\"664\"><strong data-start=\"624\" data-end=\"639\">Producci\u00f3n:<\/strong> Ana Mar\u00eda Mu\u00f1oz Guzm\u00e1n<\/p>\n<p data-start=\"624\" data-end=\"664\">\n<p data-start=\"666\" data-end=\"708\"><strong data-start=\"666\" data-end=\"678\">Formato:<\/strong> Digital \/ Color \/ Dolby 5.1<\/p>\n<p data-start=\"666\" data-end=\"708\">\n<p data-start=\"710\" data-end=\"749\"><strong data-start=\"710\" data-end=\"725\">Locaciones:<\/strong> Pogue, Bojay\u00e1 (Choc\u00f3)<\/p>\n<p data-start=\"710\" data-end=\"749\">\n<p data-start=\"751\" data-end=\"794\"><strong data-start=\"751\" data-end=\"772\">Estreno nacional:<\/strong> 21 de julio de 2022<\/p>\n<p>[\/et_pb_text][\/et_pb_column][et_pb_column type=&#8221;1_2&#8243; _builder_version=&#8221;4.27.4&#8243; _module_preset=&#8221;default&#8221; global_colors_info=&#8221;{}&#8221;][et_pb_video src=&#8221;https:\/\/www.youtube.com\/watch?v=3FjU7l37Mio&#8221; _builder_version=&#8221;4.27.4&#8243; _module_preset=&#8221;default&#8221; global_colors_info=&#8221;{}&#8221;][\/et_pb_video][\/et_pb_column][\/et_pb_row][et_pb_row _builder_version=&#8221;4.27.4&#8243; _module_preset=&#8221;default&#8221; global_colors_info=&#8221;{}&#8221;][et_pb_column type=&#8221;4_4&#8243; _builder_version=&#8221;4.27.4&#8243; _module_preset=&#8221;default&#8221; global_colors_info=&#8221;{}&#8221;][et_pb_button button_url=&#8221;https:\/\/lasurrealfilmfestival.com\/posters-oficial-2025\/&#8221; button_text=&#8221;Volver a la Selecci\u00f3n&#8221; _builder_version=&#8221;4.27.4&#8243; _module_preset=&#8221;default&#8221; custom_css_free_form=&#8221;<a href=%22\/posters-oficial-2025\/%22 class=%22volver-boton%22>\u2190 Volver a la selecci\u00f3n<\/a>||||<\/p>\n<style>||.volver-boton {||  display: inline-block;||  background-color: #000;       \/* Color de fondo *\/||  color: #fff;                  \/* Color del texto *\/||  padding: 10px 20px;||  border-radius: 30px;||  text-decoration: none;||  font-weight: 600;||  transition: background-color 0.3s ease;||  margin-top: 20px;             \/* Espacio superior *\/||}||||.volver-boton:hover {||  background-color: #444;       \/* Color al pasar el mouse *\/||}||<\/style>\n<p>&#8221; global_colors_info=&#8221;{}&#8221;][\/et_pb_button][\/et_pb_column][\/et_pb_row][\/et_pb_section][et_pb_section fb_built=&#8221;1&#8243; _builder_version=&#8221;4.27.4&#8243; _module_preset=&#8221;default&#8221; global_colors_info=&#8221;{}&#8221;][et_pb_row column_structure=&#8221;1_3,1_3,1_3&#8243; _builder_version=&#8221;4.27.4&#8243; _module_preset=&#8221;default&#8221; global_colors_info=&#8221;{}&#8221;][et_pb_column type=&#8221;1_3&#8243; _builder_version=&#8221;4.27.4&#8243; _module_preset=&#8221;default&#8221; global_colors_info=&#8221;{}&#8221;][et_pb_code _builder_version=&#8221;4.27.4&#8243; _module_preset=&#8221;default&#8221; custom_margin=&#8221;11px|-4px|-33px|68px|false|false&#8221; custom_padding=&#8221;1px||0px|1px|false|false&#8221; global_colors_info=&#8221;{}&#8221;]<a href=\"mailto:lasurrealfestival@gmail.com\" <!-- [et_pb_line_break_holder] -->   title=&#8221;Escr\u00edbenos&#8221; <!-- [et_pb_line_break_holder] -->   style=&#8221;display:inline-block;<!-- [et_pb_line_break_holder] -->          background:#D93025;<!-- [et_pb_line_break_holder] -->          color:#fff;<!-- [et_pb_line_break_holder] -->          width:36px;<!-- [et_pb_line_break_holder] -->          height:36px;<!-- [et_pb_line_break_holder] -->          text-align:center;<!-- [et_pb_line_break_holder] -->          line-height:36px;<!-- [et_pb_line_break_holder] -->          border-radius:50%;<!-- [et_pb_line_break_holder] -->          font-size:18px;<!-- [et_pb_line_break_holder] -->          text-decoration:none;<!-- [et_pb_line_break_holder] -->          margin-left:8px;&#8221;><!-- [et_pb_line_break_holder] -->  \u2709\ufe0f<!-- [et_pb_line_break_holder] --><\/a>[\/et_pb_code][et_pb_social_media_follow _builder_version=&#8221;4.27.4&#8243; _module_preset=&#8221;default&#8221; global_colors_info=&#8221;{}&#8221;][et_pb_social_media_follow_network social_network=&#8221;facebook&#8221; url=&#8221;https:\/\/www.facebook.com\/lasurrealfilmfestival&#8221; _builder_version=&#8221;4.27.4&#8243; _module_preset=&#8221;default&#8221; background_color=&#8221;#3b5998&#8243; global_colors_info=&#8221;{}&#8221; follow_button=&#8221;off&#8221; url_new_window=&#8221;on&#8221;]facebook[\/et_pb_social_media_follow_network][et_pb_social_media_follow_network social_network=&#8221;instagram&#8221; url=&#8221;https:\/\/www.instagram.com\/lasurrealfilmfestival\/&#8221; _builder_version=&#8221;4.27.4&#8243; _module_preset=&#8221;default&#8221; background_color=&#8221;#ea2c59&#8243; global_colors_info=&#8221;{}&#8221; follow_button=&#8221;off&#8221; url_new_window=&#8221;on&#8221;]instagram[\/et_pb_social_media_follow_network][\/et_pb_social_media_follow][\/et_pb_column][et_pb_column type=&#8221;1_3&#8243; _builder_version=&#8221;4.27.4&#8243; _module_preset=&#8221;default&#8221; global_colors_info=&#8221;{}&#8221;][et_pb_code _builder_version=&#8221;4.27.4&#8243; _module_preset=&#8221;default&#8221; global_colors_info=&#8221;{}&#8221;][\/et_pb_code][\/et_pb_column][et_pb_column type=&#8221;1_3&#8243; _builder_version=&#8221;4.27.4&#8243; _module_preset=&#8221;default&#8221; global_colors_info=&#8221;{}&#8221;][et_pb_image src=&#8221;https:\/\/lasurrealfilmfestival.com\/wp-content\/uploads\/2024\/12\/Curare_raw.png&#8221; title_text=&#8221;Curare_raw&#8221; url=&#8221;http:\/\/kunstrial.org\/curare-podcast\/&#8221; url_new_window=&#8221;on&#8221; _builder_version=&#8221;4.27.4&#8243; _module_preset=&#8221;default&#8221; width=&#8221;68%&#8221; global_colors_info=&#8221;{}&#8221;][\/et_pb_image][et_pb_code _builder_version=&#8221;4.27.4&#8243; _module_preset=&#8221;default&#8221; width=&#8221;75%&#8221; global_colors_info=&#8221;{}&#8221;]<\/p>\n<style><!-- [et_pb_line_break_holder] -->  .curare-neon {<!-- [et_pb_line_break_holder] -->    display:flex; flex-direction:column; align-items:center; gap:.25rem;<!-- [et_pb_line_break_holder] -->    text-align:center; line-height:1; user-select:none;<!-- [et_pb_line_break_holder] -->  }<!-- [et_pb_line_break_holder] --><!-- [et_pb_line_break_holder] -->  :root{<!-- [et_pb_line_break_holder] -->    --curare-orange:#FF7A45;<!-- [et_pb_line_break_holder] -->    --curare-coral:#FF5E57;<!-- [et_pb_line_break_holder] -->    --curare-cream:#F5E6CF;<!-- [et_pb_line_break_holder] -->    --curare-teal:#2FBDB6;<!-- [et_pb_line_break_holder] -->    --glow: rgba(255,122,69,.45);<!-- [et_pb_line_break_holder] -->    --glow-teal: rgba(47,189,182,.35);<!-- [et_pb_line_break_holder] -->  }<!-- [et_pb_line_break_holder] --><!-- [et_pb_line_break_holder] -->  .curare-neon .title {<!-- [et_pb_line_break_holder] -->    font-family: \"Poppins\", system-ui, -apple-system, Segoe UI, Roboto, sans-serif;<!-- [et_pb_line_break_holder] -->    font-weight: 700;<!-- [et_pb_line_break_holder] -->    letter-spacing: .14em;<!-- [et_pb_line_break_holder] -->    text-transform: uppercase;<!-- [et_pb_line_break_holder] -->    font-size: clamp(20px, 3.5vw, 34px);<!-- [et_pb_line_break_holder] -->    background: linear-gradient(90deg, var(--curare-orange), var(--curare-cream), var(--curare-teal), var(--curare-orange));<!-- [et_pb_line_break_holder] -->    -webkit-background-clip: text;<!-- [et_pb_line_break_holder] -->    background-clip: text;<!-- [et_pb_line_break_holder] -->    color: transparent;<!-- [et_pb_line_break_holder] -->    text-shadow:<!-- [et_pb_line_break_holder] -->      0 0 4px var(--glow),<!-- [et_pb_line_break_holder] -->      0 0 10px var(--glow-teal);<!-- [et_pb_line_break_holder] -->    filter: drop-shadow(0 0 4px rgba(255,255,255,.08));<!-- [et_pb_line_break_holder] -->    animation: curare-glow 3s ease-in-out infinite alternate;<!-- [et_pb_line_break_holder] -->  }<!-- [et_pb_line_break_holder] --><!-- [et_pb_line_break_holder] -->  .curare-neon .tag {<!-- [et_pb_line_break_holder] -->    font-family: \"Poppins\", system-ui, -apple-system, Segoe UI, Roboto, sans-serif;<!-- [et_pb_line_break_holder] -->    font-weight: 500;<!-- [et_pb_line_break_holder] -->    letter-spacing: .1em;<!-- [et_pb_line_break_holder] -->    font-size: clamp(10px, 1.2vw, 13px);<!-- [et_pb_line_break_holder] -->    color: #0B1216;<!-- [et_pb_line_break_holder] -->    padding: .35rem .8rem;<!-- [et_pb_line_break_holder] -->    border-radius: 999px;<!-- [et_pb_line_break_holder] -->    background:<!-- [et_pb_line_break_holder] -->      radial-gradient(100% 100% at 50% 0%, #ffffff 0%, #ffffffc7 40%, #ffffff99 60%, #ffffff22 100%),<!-- [et_pb_line_break_holder] -->      linear-gradient(90deg, var(--curare-coral), var(--curare-orange), var(--curare-teal));<!-- [et_pb_line_break_holder] -->    box-shadow:<!-- [et_pb_line_break_holder] -->      0 0 4px var(--glow),<!-- [et_pb_line_break_holder] -->      0 0 10px var(--glow-teal),<!-- [et_pb_line_break_holder] -->      inset 0 0 4px #ffffff80;<!-- [et_pb_line_break_holder] -->  }<!-- [et_pb_line_break_holder] --><!-- [et_pb_line_break_holder] -->  @keyframes curare-glow {<!-- [et_pb_line_break_holder] -->    0% {<!-- [et_pb_line_break_holder] -->      text-shadow:<!-- [et_pb_line_break_holder] -->        0 0 3px var(--glow),<!-- [et_pb_line_break_holder] -->        0 0 8px var(--glow-teal);<!-- [et_pb_line_break_holder] -->      transform: translateY(0);<!-- [et_pb_line_break_holder] -->    }<!-- [et_pb_line_break_holder] -->    100% {<!-- [et_pb_line_break_holder] -->      text-shadow:<!-- [et_pb_line_break_holder] -->        0 0 6px var(--glow),<!-- [et_pb_line_break_holder] -->        0 0 14px var(--glow-teal);<!-- [et_pb_line_break_holder] -->      transform: translateY(-1px);<!-- [et_pb_line_break_holder] -->    }<!-- [et_pb_line_break_holder] -->  }<!-- [et_pb_line_break_holder] --><\/style>\n<p><!-- [et_pb_line_break_holder] --><!-- [et_pb_line_break_holder] --><\/p>\n<div class=\"curare-neon\"><!-- [et_pb_line_break_holder] -->  <\/p>\n<div class=\"title\">CURARE<\/div>\n<p><!-- [et_pb_line_break_holder] -->  <\/p>\n<div class=\"tag\">podcast<\/div>\n<p><!-- [et_pb_line_break_holder] --><\/div>\n<p>[\/et_pb_code][et_pb_code _builder_version=&#8221;4.27.4&#8243; _module_preset=&#8221;default&#8221; global_colors_info=&#8221;{}&#8221;][\/et_pb_code][\/et_pb_column][\/et_pb_row][\/et_pb_section]<\/p>\n","protected":false},"excerpt":{"rendered":"<p>&nbsp; Direcci\u00f3n: Germ\u00e1n Arango Pa\u00eds: Colombia A\u00f1o: 2022 Duraci\u00f3n: 72 min Idioma: Espa\u00f1olOneida aprendi\u00f3 desde ni\u00f1a a cantar alabados, cantos f\u00fanebres con los que las comunidades afro despiden a sus muertos para que tengan un buen retorno al lugar de las almas. A los ocho a\u00f1os una serpiente devor\u00f3 su pierna izquierda, oblig\u00e1ndola a quedarse [&hellip;]<\/p>\n","protected":false},"author":1,"featured_media":0,"parent":0,"menu_order":0,"comment_status":"closed","ping_status":"closed","template":"","meta":{"_et_pb_use_builder":"on","_et_pb_old_content":"","_et_gb_content_width":"","footnotes":""},"class_list":["post-5233","page","type-page","status-publish","hentry"],"_links":{"self":[{"href":"https:\/\/lasurrealfilmfestival.com\/en\/wp-json\/wp\/v2\/pages\/5233","targetHints":{"allow":["GET"]}}],"collection":[{"href":"https:\/\/lasurrealfilmfestival.com\/en\/wp-json\/wp\/v2\/pages"}],"about":[{"href":"https:\/\/lasurrealfilmfestival.com\/en\/wp-json\/wp\/v2\/types\/page"}],"author":[{"embeddable":true,"href":"https:\/\/lasurrealfilmfestival.com\/en\/wp-json\/wp\/v2\/users\/1"}],"replies":[{"embeddable":true,"href":"https:\/\/lasurrealfilmfestival.com\/en\/wp-json\/wp\/v2\/comments?post=5233"}],"version-history":[{"count":5,"href":"https:\/\/lasurrealfilmfestival.com\/en\/wp-json\/wp\/v2\/pages\/5233\/revisions"}],"predecessor-version":[{"id":5472,"href":"https:\/\/lasurrealfilmfestival.com\/en\/wp-json\/wp\/v2\/pages\/5233\/revisions\/5472"}],"wp:attachment":[{"href":"https:\/\/lasurrealfilmfestival.com\/en\/wp-json\/wp\/v2\/media?parent=5233"}],"curies":[{"name":"wp","href":"https:\/\/api.w.org\/{rel}","templated":true}]}}