{"id":928,"date":"2024-04-02T15:48:44","date_gmt":"2024-04-02T15:48:44","guid":{"rendered":"https:\/\/lasurrealfilmfestival.com\/?page_id=928"},"modified":"2026-03-30T20:12:49","modified_gmt":"2026-03-30T20:12:49","slug":"front-page-sr","status":"publish","type":"page","link":"https:\/\/lasurrealfilmfestival.com\/en\/","title":{"rendered":"Front Page SR"},"content":{"rendered":"<p>[et_pb_section fb_built=&#8221;1&#8243; _builder_version=&#8221;4.24.2&#8243; _module_preset=&#8221;default&#8221;][et_pb_row _builder_version=&#8221;4.24.3&#8243; _module_preset=&#8221;default&#8221; global_colors_info=&#8221;{}&#8221;][et_pb_column type=&#8221;4_4&#8243; _builder_version=&#8221;4.24.2&#8243; _module_preset=&#8221;default&#8221; global_colors_info=&#8221;{}&#8221;][et_pb_menu menu_id=&#8221;40&#8243; active_link_color=&#8221;#23004f&#8221; dropdown_menu_line_color=&#8221;#8F00FF&#8221; dropdown_menu_text_color=&#8221;#D6EC13&#8243; dropdown_menu_active_link_color=&#8221;#FF5733&#8243; mobile_menu_bg_color=&#8221;#0A0200&#8243; mobile_menu_text_color=&#8221;#C3E942&#8243; logo=&#8221;https:\/\/lasurrealfilmfestival.com\/wp-content\/uploads\/2024\/04\/PequeLogo-Blanco_EN@3x-1.png&#8221; logo_width=&#8221;27%&#8221; logo_max_width=&#8221;64%&#8221; logo_height=&#8221;100px&#8221; logo_max_height=&#8221;65px&#8221; show_search_icon=&#8221;on&#8221; cart_icon_color=&#8221;#D6EC13&#8243; search_icon_color=&#8221;#D6EC13&#8243; menu_icon_color=&#8221;#D6EC13&#8243; dropdown_menu_line_color_tablet=&#8221;#8F00FF&#8221; dropdown_menu_line_color_phone=&#8221;#8F00FF&#8221; dropdown_menu_line_color_last_edited=&#8221;on|phone&#8221; mobile_menu_text_color_tablet=&#8221;&#8221; mobile_menu_text_color_phone=&#8221;#D6EC13&#8243; mobile_menu_text_color_last_edited=&#8221;on|phone&#8221; logo_width_tablet=&#8221;27%&#8221; logo_width_phone=&#8221;60%&#8221; logo_width_last_edited=&#8221;on|phone&#8221; _builder_version=&#8221;4.24.3&#8243; _module_preset=&#8221;default&#8221; menu_font=&#8221;Anek Telugu|700|||||||&#8221; menu_text_color=&#8221;#D6EC13&#8243; menu_font_size=&#8221;17px&#8221; background_color=&#8221;#0A0200&#8243; text_orientation=&#8221;right&#8221; width=&#8221;100%&#8221; width_tablet=&#8221;100%&#8221; width_phone=&#8221;100%&#8221; width_last_edited=&#8221;on|phone&#8221; max_width=&#8221;100%&#8221; module_alignment=&#8221;left&#8221; min_height=&#8221;100px&#8221; height=&#8221;0px&#8221; custom_margin=&#8221;-37px||-60px||false|false&#8221; custom_padding=&#8221;14px||36px||false|false&#8221; text_orientation_tablet=&#8221;right&#8221; text_orientation_phone=&#8221;right&#8221; text_orientation_last_edited=&#8221;on|desktop&#8221; border_radii_image=&#8221;off||||&#8221; border_width_all_image=&#8221;0px&#8221; global_colors_info=&#8221;{}&#8221;][\/et_pb_menu][\/et_pb_column][\/et_pb_row][\/et_pb_section][et_pb_section fb_built=&#8221;1&#8243; _builder_version=&#8221;4.24.3&#8243; _module_preset=&#8221;default&#8221; global_colors_info=&#8221;{}&#8221;][\/et_pb_section][et_pb_section fb_built=&#8221;1&#8243; _builder_version=&#8221;4.24.3&#8243; _module_preset=&#8221;default&#8221; background_image=&#8221;https:\/\/lasurrealfilmfestival.com\/wp-content\/uploads\/2024\/04\/close-up-photography-negative-scaled.jpeg&#8221; global_colors_info=&#8221;{}&#8221;][et_pb_row module_class=&#8221;custom-background&#8221; _builder_version=&#8221;4.24.3&#8243; _module_preset=&#8221;default&#8221; custom_css_free_form=&#8221;.selector .mce-content-body {background-color:#000;}&#8221; global_colors_info=&#8221;{}&#8221;][et_pb_column type=&#8221;4_4&#8243; _builder_version=&#8221;4.24.3&#8243; _module_preset=&#8221;default&#8221; global_colors_info=&#8221;{}&#8221;][et_pb_text _builder_version=&#8221;4.24.3&#8243; _module_preset=&#8221;default&#8221; text_font=&#8221;Anek Telugu|600|||||||&#8221; text_text_color=&#8221;#C3E942&#8243; text_font_size=&#8221;23px&#8221; global_colors_info=&#8221;{}&#8221;]<\/p>\n<p><span style=\"font-weight: 400;\"><\/span><\/p>\n<p><strong>La Sur Real es un festival de cine dedicado a exhibir cortometrajes realizados en el Sur Global que planteen una lectura decolonial de los territorios, principalmente de Abya Yala, reivindicando saberes propios y emancipadores. La Sur Real busca creaciones cinematogr\u00e1ficas que propongan una cr\u00edtica a la relaci\u00f3n existente entre el norte y el sur global, cuestione la supremac\u00eda blanca patriarcal y compartan contextos que desmantelen los preceptos normativos occidentales.<\/strong><\/p>\n<p><strong><\/strong><\/p>\n<p><strong>&#8212;-<\/strong><\/p>\n<p><strong>We are festival that provides spaces for dialogue between creators, stories and cinematographies from the different souths that inhabit and feed the world.<\/strong><\/p>\n<p><strong>We believe in the importance of sharing points of view that generate new transformative imaginaries, that move away from the existing normative hegemonic versions, that take up knowledge that has remained excluded, broadening the ways in which we perceive reality and therefore images; imaginaries that make collective identities more flexible, that integrate the material, the non-human and the animal as relational, generating different ways of linking ourselves even with the devices attributed to cinema.\u00a0<\/strong><span style=\"font-weight: 400;\"><\/span><\/p>\n<p>[\/et_pb_text][\/et_pb_column][\/et_pb_row][\/et_pb_section][et_pb_section fb_built=&#8221;1&#8243; _builder_version=&#8221;4.24.3&#8243; _module_preset=&#8221;default&#8221;][et_pb_row use_custom_gutter=&#8221;on&#8221; make_equal=&#8221;on&#8221; _builder_version=&#8221;4.24.3&#8243; _module_preset=&#8221;default&#8221; background_color=&#8221;RGBA(255,255,255,0)&#8221; width=&#8221;56%&#8221; max_width=&#8221;813px&#8221; module_alignment=&#8221;center&#8221; global_colors_info=&#8221;{}&#8221;][et_pb_column type=&#8221;4_4&#8243; _builder_version=&#8221;4.24.3&#8243; _module_preset=&#8221;default&#8221; global_colors_info=&#8221;{}&#8221;][et_pb_video src=&#8221;https:\/\/www.youtube.com\/watch?v=jeXziiWQT8g&#8221; _builder_version=&#8221;4.24.3&#8243; _module_preset=&#8221;default&#8221; global_colors_info=&#8221;{}&#8221;][\/et_pb_video][\/et_pb_column][\/et_pb_row][\/et_pb_section][et_pb_section fb_built=&#8221;1&#8243; _builder_version=&#8221;4.24.3&#8243; _module_preset=&#8221;default&#8221; background_image=&#8221;https:\/\/lasurrealfilmfestival.com\/wp-content\/uploads\/2024\/04\/close-up-photography-negative-scaled.jpeg&#8221; custom_padding=&#8221;|0px||||&#8221; global_colors_info=&#8221;{}&#8221;][et_pb_row module_class=&#8221;BACKGROUND.COLOR&#8221; _builder_version=&#8221;4.24.3&#8243; _module_preset=&#8221;default&#8221; background_color=&#8221;RGBA(255,255,255,0)&#8221; custom_css_free_form=&#8221;.selector .mce-content-body {background-color:#00000;}&#8221; global_colors_info=&#8221;{}&#8221;][et_pb_column type=&#8221;4_4&#8243; _builder_version=&#8221;4.24.3&#8243; _module_preset=&#8221;default&#8221; global_colors_info=&#8221;{}&#8221;][et_pb_heading title=&#8221;OPEN CALL&#8221; _builder_version=&#8221;4.24.3&#8243; _module_preset=&#8221;default&#8221; title_text_color=&#8221;#C3E942&#8243; title_font_size=&#8221;69px&#8221; title_letter_spacing=&#8221;14px&#8221; background_color=&#8221;#0A0200&#8243; title_text_shadow_style=&#8221;preset4&#8243; title_text_shadow_horizontal_length=&#8221;0.16em&#8221; title_text_shadow_color=&#8221;#8F00FF&#8221; border_radii=&#8221;off||||&#8221; global_colors_info=&#8221;{}&#8221;][\/et_pb_heading][\/et_pb_column][\/et_pb_row][et_pb_row column_structure=&#8221;1_2,1_2&#8243; _builder_version=&#8221;4.24.3&#8243; _module_preset=&#8221;default&#8221; background_enable_color=&#8221;off&#8221; global_colors_info=&#8221;{}&#8221;][et_pb_column type=&#8221;1_2&#8243; _builder_version=&#8221;4.24.3&#8243; _module_preset=&#8221;default&#8221; global_colors_info=&#8221;{}&#8221;][et_pb_text _builder_version=&#8221;4.24.3&#8243; _module_preset=&#8221;default&#8221; text_text_color=&#8221;gcid-b74eef71-a268-4efe-841b-c8ec143deee4&#8243; global_colors_info=&#8221;{%22gcid-b74eef71-a268-4efe-841b-c8ec143deee4%22:%91%22text_text_color%22%93}&#8221;]<\/p>\n<p>La Sur Real Film Festival proporciona espacios de di\u00e1logo entre creadores, historias y cinematograf\u00edas provenientes de los distintos sures que habitan y nutren el mundo.<\/p>\n<p>Invitamos cortometrajes de max. 20 minutos en las categor\u00edas: Documentales del Sur Global, Futurismo Ind\u00edgena, Animaci\u00f3n, Experimental y Obras Audiovisuales para Ni\u00f1xs.<\/p>\n<p>Buscamos trabajos audiovisuales que hablen de las luchas, de la memoria del sur, de los exilios, los conflictos, de los archivos rescatados de nuestras historias silenciadas, aquellas creaciones cinematogr\u00e1ficas que reivindiquen a las personas migrantes principalmente en los pa\u00edses hist\u00f3ricamente hegem\u00f3nicos, que resalten la existencia de nuestras cuerpas como sujetas pol\u00edticas aut\u00f3nomas capaces de nuestra propia autodeterminaci\u00f3n, due\u00f1as de nuestra voz y pensamiento.<\/p>\n<p>&#8212;<\/p>\n<p>La Sur Real Film Festival provides spaces for dialogue between creators, stories and cinematographies coming from the different souths that inhabit and feed the world.<\/p>\n<p>We invite short films of max. 20 minutes in the following categories: Global South Documentary, Indigenous Futurism, Animation, Experimental and Audiovisual Works for Children.<\/p>\n<p>We are looking for audiovisual works that speak of struggles, of the memory of the South, of exiles, conflicts, of the archives rescued from our silenced histories, those cinematographic creations that vindicate migrants, mainly in historically hegemonic countries, that highlight the existence of our bodies as autonomous political subjects capable of our own self-determination, masters of our own voice and thought.<\/p>\n<p>&nbsp;<\/p>\n<p>[\/et_pb_text][\/et_pb_column][et_pb_column type=&#8221;1_2&#8243; _builder_version=&#8221;4.24.3&#8243; _module_preset=&#8221;default&#8221; global_colors_info=&#8221;{}&#8221;][et_pb_image src=&#8221;https:\/\/lasurrealfilmfestival.com\/wp-content\/uploads\/2024\/04\/opencall_web.jpg&#8221; title_text=&#8221;opencall_web&#8221; _builder_version=&#8221;4.24.3&#8243; _module_preset=&#8221;default&#8221; background_color=&#8221;RGBA(255,255,255,0)&#8221; width=&#8221;100%&#8221; module_alignment=&#8221;left&#8221; hover_enabled=&#8221;0&#8243; global_colors_info=&#8221;{}&#8221; sticky_enabled=&#8221;0&#8243;][\/et_pb_image][et_pb_button button_url=&#8221;https:\/\/filmfreeway.com\/LaSurReal&#8221; url_new_window=&#8221;on&#8221; button_text=&#8221;Submit your film&#8221; button_alignment=&#8221;center&#8221; _builder_version=&#8221;4.24.3&#8243; _module_preset=&#8221;default&#8221; custom_button=&#8221;on&#8221; button_text_color=&#8221;#8F00FF&#8221; button_bg_color=&#8221;#C3E942&#8243; button_border_width=&#8221;0px&#8221; button_border_radius=&#8221;21px&#8221; button_icon_color=&#8221;RGBA(255,255,255,0)&#8221; button_text_shadow_style=&#8221;preset2&#8243; button_text_shadow_color=&#8221;gcid-afa30cf2-6f5d-4b9c-aa39-7dbe1ac3b7a3&#8243; global_colors_info=&#8221;{%22gcid-afa30cf2-6f5d-4b9c-aa39-7dbe1ac3b7a3%22:%91%22button_text_shadow_color%22%93}&#8221;][\/et_pb_button][\/et_pb_column][\/et_pb_row][et_pb_row column_structure=&#8221;1_2,1_2&#8243; _builder_version=&#8221;4.24.3&#8243; _module_preset=&#8221;default&#8221; global_colors_info=&#8221;{}&#8221;][et_pb_column type=&#8221;1_2&#8243; _builder_version=&#8221;4.24.3&#8243; _module_preset=&#8221;default&#8221; global_colors_info=&#8221;{}&#8221;][\/et_pb_column][et_pb_column type=&#8221;1_2&#8243; _builder_version=&#8221;4.24.3&#8243; _module_preset=&#8221;default&#8221; global_colors_info=&#8221;{}&#8221;][\/et_pb_column][\/et_pb_row][et_pb_row _builder_version=&#8221;4.24.3&#8243; _module_preset=&#8221;default&#8221; global_colors_info=&#8221;{}&#8221;][et_pb_column type=&#8221;4_4&#8243; _builder_version=&#8221;4.24.3&#8243; _module_preset=&#8221;default&#8221; global_colors_info=&#8221;{}&#8221;][et_pb_heading title=&#8221;PAST EDITIONS&#8221; _builder_version=&#8221;4.24.3&#8243; _module_preset=&#8221;c38a6542-48dd-46f4-9c54-d267441bd1a7&#8243; global_colors_info=&#8221;{}&#8221;][\/et_pb_heading][\/et_pb_column][\/et_pb_row][et_pb_row column_structure=&#8221;1_3,1_3,1_3&#8243; _builder_version=&#8221;4.24.3&#8243; _module_preset=&#8221;default&#8221; global_colors_info=&#8221;{}&#8221;][et_pb_column type=&#8221;1_3&#8243; _builder_version=&#8221;4.24.3&#8243; _module_preset=&#8221;default&#8221; global_colors_info=&#8221;{}&#8221;][et_pb_image src=&#8221;https:\/\/lasurrealfilmfestival.com\/wp-content\/uploads\/2024\/04\/logo_muneca_cuadrada.jpeg&#8221; title_text=&#8221;logo_muneca_cuadrada&#8221; _builder_version=&#8221;4.24.3&#8243; _module_preset=&#8221;default&#8221; global_colors_info=&#8221;{}&#8221;][\/et_pb_image][\/et_pb_column][et_pb_column type=&#8221;1_3&#8243; _builder_version=&#8221;4.24.3&#8243; _module_preset=&#8221;default&#8221; global_colors_info=&#8221;{}&#8221;][et_pb_image src=&#8221;https:\/\/lasurrealfilmfestival.com\/wp-content\/uploads\/2024\/04\/leipzig_poster.jpg&#8221; title_text=&#8221;leipzig_poster&#8221; _builder_version=&#8221;4.24.3&#8243; _module_preset=&#8221;default&#8221; global_colors_info=&#8221;{}&#8221;][\/et_pb_image][\/et_pb_column][et_pb_column type=&#8221;1_3&#8243; _builder_version=&#8221;4.24.3&#8243; _module_preset=&#8221;default&#8221; global_colors_info=&#8221;{}&#8221;][et_pb_image src=&#8221;https:\/\/lasurrealfilmfestival.com\/wp-content\/uploads\/2024\/04\/Surreal-Bogotrax-2024-1-1-1.png&#8221; title_text=&#8221;Surreal Bogotrax 2024 (1) (1)&#8221; _builder_version=&#8221;4.24.3&#8243; _module_preset=&#8221;default&#8221; global_colors_info=&#8221;{}&#8221;][\/et_pb_image][\/et_pb_column][\/et_pb_row][\/et_pb_section]<\/p>\n","protected":false},"excerpt":{"rendered":"<p>La Sur Real es un festival de cine dedicado a exhibir cortometrajes realizados en el Sur Global que planteen una lectura decolonial de los territorios, principalmente de Abya Yala, reivindicando saberes propios y emancipadores. La Sur Real busca creaciones cinematogr\u00e1ficas que propongan una cr\u00edtica a la relaci\u00f3n existente entre el norte y el sur global, [&hellip;]<\/p>\n","protected":false},"author":1,"featured_media":0,"parent":0,"menu_order":0,"comment_status":"closed","ping_status":"closed","template":"","meta":{"_et_pb_use_builder":"on","_et_pb_old_content":"","_et_gb_content_width":"","footnotes":""},"class_list":["post-928","page","type-page","status-publish","hentry"],"_links":{"self":[{"href":"https:\/\/lasurrealfilmfestival.com\/en\/wp-json\/wp\/v2\/pages\/928","targetHints":{"allow":["GET"]}}],"collection":[{"href":"https:\/\/lasurrealfilmfestival.com\/en\/wp-json\/wp\/v2\/pages"}],"about":[{"href":"https:\/\/lasurrealfilmfestival.com\/en\/wp-json\/wp\/v2\/types\/page"}],"author":[{"embeddable":true,"href":"https:\/\/lasurrealfilmfestival.com\/en\/wp-json\/wp\/v2\/users\/1"}],"replies":[{"embeddable":true,"href":"https:\/\/lasurrealfilmfestival.com\/en\/wp-json\/wp\/v2\/comments?post=928"}],"version-history":[{"count":1,"href":"https:\/\/lasurrealfilmfestival.com\/en\/wp-json\/wp\/v2\/pages\/928\/revisions"}],"predecessor-version":[{"id":5876,"href":"https:\/\/lasurrealfilmfestival.com\/en\/wp-json\/wp\/v2\/pages\/928\/revisions\/5876"}],"wp:attachment":[{"href":"https:\/\/lasurrealfilmfestival.com\/en\/wp-json\/wp\/v2\/media?parent=928"}],"curies":[{"name":"wp","href":"https:\/\/api.w.org\/{rel}","templated":true}]}}